{"id":987,"date":"2025-12-21T20:55:51","date_gmt":"2025-12-21T19:55:51","guid":{"rendered":"https:\/\/zagalak.rezerwuj-zabieg.pl\/?page_id=987"},"modified":"2026-01-09T16:06:29","modified_gmt":"2026-01-09T15:06:29","slug":"nasza-bydgoszcz","status":"publish","type":"page","link":"https:\/\/zagalak.rezerwuj-zabieg.pl\/?page_id=987","title":{"rendered":"Nasza Bydgoszcz"},"content":{"rendered":"<div class=\"wpb-content-wrapper\"><p>[vc_row full_width=&#8221;stretch_row&#8221; content_placement=&#8221;middle&#8221; css=&#8221;.vc_custom_1766345667121{padding-top: 50px !important;background-color: #F1F8FF !important;}&#8221;][vc_column width=&#8221;7\/12&#8243; ct_column_class=&#8221;rm-padding-lg&#8221; css=&#8221;.vc_custom_1544860888100{padding-top: 0px !important;padding-right: 50px !important;padding-bottom: 0px !important;}&#8221;][ct_heading text=&#8221;Historia mi\u0142o\u015bci do miasta&#8221; font_weight=&#8221;&#8221; text_color=&#8221;#2E5688&#8243; subtitle=&#8221;Nasza Bydgoszcz&#8221; description=&#8221;Czasem najpi\u0119kniejsze historie zaczynaj\u0105 si\u0119 od przypadku. Tak w\u0142a\u015bnie by\u0142o z dr n. med. Mari\u0105 Lorentowicz-Zagalak i dr n. med. Rafa\u0142em Zagalakiem. Cho\u0107 \u017cadne z nich nie pochodzi z Bydgoszczy, to w\u0142a\u015bnie to miasto nad Brd\u0105 sta\u0142o si\u0119 ich prawdziwym domem, miejscem, kt\u00f3re ukszta\u0142towa\u0142o ich \u017cycie zawodowe i rodzinne, tworz\u0105c przestrze\u0144 dla realizacji marze\u0144 i budowy rodzinnego dziedzictwa.<\/p>\n<p>Od nowych mieszka\u0144c\u00f3w do lokalnych patriot\u00f3w<\/p>\n<p>Kiedy wiele lat temu postawili pierwsze kroki na bydgoskiej ziemi, nie przypuszczali, \u017ce to miasto tak g\u0142\u0119boko wpisze si\u0119 w ich to\u017csamo\u015b\u0107. Przyjechali tu z r\u00f3\u017cnych stron Polski, przywiod\u0142y ich marzenia o rozwoju zawodowym i stworzeniu czego\u015b wyj\u0105tkowego. Bydgoszcz, ze swoj\u0105 otwarto\u015bci\u0105 i potencja\u0142em, zaoferowa\u0142a im przestrze\u0144 do realizacji tych plan\u00f3w.<\/p>\n<p>Z ka\u017cdym rokiem ich korzenie coraz mocniej wrasta\u0142y w bydgosk\u0105 ziemi\u0119. Tu zbudowali dom, za\u0142o\u017cyli klinik\u0119 stomatologiczn\u0105, tu wychowali swoje dzieci. Miasto, kt\u00f3re pocz\u0105tkowo by\u0142o tylko przystankiem na ich drodze, sta\u0142o si\u0119 centrum ich \u015bwiata.&#8221; description_line_height=&#8221;30&#8243; description_color=&#8221;#2E5688&#8243; margin_top=&#8221;25&#8243; margin_bottom=&#8221;16&#8243;][ct_space space_lg=&#8221;0&#8243; space_md=&#8221;0&#8243; space_sm=&#8221;0&#8243; space_xs=&#8221;60&#8243;][\/vc_column][vc_column width=&#8221;5\/12&#8243; css=&#8221;.vc_custom_1544860883634{padding-top: 0px !important;padding-bottom: 0px !important;}&#8221;][vc_single_image image=&#8221;1278&#8243; img_size=&#8221;full&#8221; alignment=&#8221;right&#8221; css_animation=&#8221;none&#8221; css=&#8221;.vc_custom_1767971152870{margin-bottom: 0px !important;}&#8221; ct_image_align_md=&#8221;image_align_sm_center&#8221; ct_image_align=&#8221;image_align_xs_center&#8221;][\/vc_column][\/vc_row][vc_row full_width=&#8221;stretch_row&#8221; content_placement=&#8221;middle&#8221; css=&#8221;.vc_custom_1766346012695{padding-top: 30px !important;padding-bottom: 30px !important;background-color: #FFFFFF !important;}&#8221;][vc_column width=&#8221;5\/12&#8243; css=&#8221;.vc_custom_1544860883634{padding-top: 0px !important;padding-bottom: 0px !important;}&#8221;][vc_single_image image=&#8221;1276&#8243; img_size=&#8221;full&#8221; alignment=&#8221;right&#8221; css_animation=&#8221;none&#8221; css=&#8221;.vc_custom_1767971173244{margin-bottom: 0px !important;}&#8221; ct_image_align_md=&#8221;image_align_sm_center&#8221; ct_image_align=&#8221;image_align_xs_center&#8221;][\/vc_column][vc_column width=&#8221;7\/12&#8243; ct_column_class=&#8221;rm-padding-lg&#8221; css=&#8221;.vc_custom_1544860888100{padding-top: 0px !important;padding-right: 50px !important;padding-bottom: 0px !important;}&#8221;][ct_heading text=&#8221;Oddaj\u0105c serce miastu&#8221; font_weight=&#8221;&#8221; text_color=&#8221;#2E5688&#8243; description=&#8221;Ich Klinika Zagalak nie jest tylko miejscem pracy &#8211; to przestrze\u0144, kt\u00f3ra sta\u0142a si\u0119 integraln\u0105 cz\u0119\u015bci\u0105 bydgoskiej spo\u0142eczno\u015bci. Przez lata leczyli u\u015bmiechy tysi\u0119cy mieszka\u0144c\u00f3w, poznaj\u0105c ich histori\u0119, troski i rado\u015bci. Ka\u017cdy pacjent wnosi\u0142 do ich \u017cycia now\u0105 perspektyw\u0119, pokazuj\u0105c im r\u00f3\u017cnorodno\u015b\u0107 i bogactwo bydgoskiej spo\u0142eczno\u015bci.<\/p>\n<p>Jako Konsul Honorowy Republiki Serbii w Bydgoszczy, dr Maria aktywnie buduje mosty mi\u0119dzy kulturami, wzbogacaj\u0105c mi\u0119dzynarodowy charakter miasta. Ich zaanga\u017cowanie w projekt #zanimzajdziesz, po\u015bwi\u0119cony profilaktyce stomatologicznej dla kobiet planuj\u0105cych potomstwo, to odpowied\u017a na potrzeby lokalnej spo\u0142eczno\u015bci i troska o przysz\u0142e pokolenia bydgoszczan.&#8221; description_line_height=&#8221;30&#8243; description_color=&#8221;#2E5688&#8243; margin_top=&#8221;25&#8243; margin_bottom=&#8221;16&#8243;][ct_space space_lg=&#8221;0&#8243; space_md=&#8221;0&#8243; space_sm=&#8221;0&#8243; space_xs=&#8221;60&#8243;][\/vc_column][\/vc_row][vc_row full_width=&#8221;stretch_row&#8221; content_placement=&#8221;middle&#8221; css=&#8221;.vc_custom_1766345657505{background-color: #F1F8FF !important;}&#8221;][vc_column width=&#8221;7\/12&#8243; ct_column_class=&#8221;rm-padding-lg&#8221; css=&#8221;.vc_custom_1544860888100{padding-top: 0px !important;padding-right: 50px !important;padding-bottom: 0px !important;}&#8221;][ct_heading text=&#8221;Nowe pokolenie bydgoszczan&#8221; font_weight=&#8221;&#8221; text_color=&#8221;#2E5688&#8243; description=&#8221;Najpi\u0119kniejszym dowodem ich zwi\u0105zku z Bydgoszcz\u0105 s\u0105 dzieci, kt\u00f3re wyros\u0142y w atmosferze mi\u0142o\u015bci do tego miasta. C\u00f3rka Ewa, cho\u0107 mia\u0142a mo\u017cliwo\u015b\u0107 wyboru r\u00f3\u017cnych \u015bcie\u017cek i miejsc, zdecydowa\u0142a si\u0119 kontynuowa\u0107 rodzinn\u0105 tradycj\u0119 w\u0142a\u015bnie tutaj. Jako \u015bwie\u017co upieczony stomatolog, wnosi do rodzinnej praktyki nie tylko now\u0105 energi\u0119 i wiedz\u0119, ale tak\u017ce g\u0142\u0119bokie przywi\u0105zanie do miasta, w kt\u00f3rym dorasta\u0142a.<\/p>\n<p>Syn Alex, cho\u0107 wybra\u0142 studia prawnicze poza Bydgoszcz\u0105, nosi w sobie warto\u015bci i wspomnienia ukszta\u0142towane przez rodzinne miasto. To w Bydgoszczy sp\u0119dzi\u0142 swoje dzieci\u0144stwo i m\u0142odo\u015b\u0107, tutaj formowa\u0142a si\u0119 jego wra\u017cliwo\u015b\u0107 i \u015bwiatopogl\u0105d.<\/p>\n<p>Ta bydgoska opowie\u015b\u0107 rodziny Zagalak wci\u0105\u017c trwa i z ka\u017cdym dniem dopisuj\u0105 do niej nowe rozdzia\u0142y. S\u0105 dumni, mog\u0105c nazywa\u0107 Bydgoszcz swoim domem i wnosi\u0107 sw\u00f3j wk\u0142ad w jej rozw\u00f3j.<\/p>\n<p>W mie\u015bcie, kt\u00f3re \u0142\u0105czy tradycj\u0119 z nowoczesno\u015bci\u0105, przesz\u0142o\u015b\u0107 z przysz\u0142o\u015bci\u0105, znale\u017ali idealne miejsce do \u017cycia, pracy i wychowania kolejnego pokolenia. I za to w\u0142a\u015bnie kochaj\u0105 swoj\u0105 Bydgoszcz.&#8221; description_line_height=&#8221;30&#8243; description_color=&#8221;#2E5688&#8243; margin_top=&#8221;25&#8243; margin_bottom=&#8221;16&#8243;][ct_space space_lg=&#8221;0&#8243; space_md=&#8221;0&#8243; space_sm=&#8221;0&#8243; space_xs=&#8221;60&#8243;][\/vc_column][vc_column width=&#8221;5\/12&#8243; css=&#8221;.vc_custom_1544860883634{padding-top: 0px !important;padding-bottom: 0px !important;}&#8221;][vc_single_image image=&#8221;1277&#8243; img_size=&#8221;full&#8221; alignment=&#8221;right&#8221; css_animation=&#8221;none&#8221; css=&#8221;.vc_custom_1767971185030{margin-bottom: 0px !important;}&#8221; ct_image_align_md=&#8221;image_align_sm_center&#8221; ct_image_align=&#8221;image_align_xs_center&#8221;][\/vc_column][\/vc_row][vc_row full_width=&#8221;stretch_row&#8221; content_placement=&#8221;middle&#8221;][vc_column css=&#8221;.vc_custom_1766335050404{padding-top: 0px !important;}&#8221;][ct_image_pointers image=&#8221;861&#8243; list_pointer=&#8221;%5B%7B%22title%22%3A%22DR%20N.%20MED.%20MARIA%20LORENTOWICZ-ZAGALAK%22%2C%22link%22%3A%22url%3Ahttp%253A%252F%252Flocalhost%252Fctthemes%252Ftiman%252Fdoctor%252Ftromani-helix%252F%7C%7C%7C%22%2C%22content_position%22%3A%22pointer-top%22%2C%22pointer_position_top%22%3A%2240%25%22%2C%22pointer_position_right%22%3A%2238%25%22%7D%2C%7B%22title%22%3A%22DR%20N.%20MED.%20RAFA%C5%81%20ZAGALAK%22%2C%22link%22%3A%22url%3Ahttp%253A%252F%252Flocalhost%252Fctthemes%252Ftiman%252Fdoctor%252Fpower-alim%252F%7C%7C%7C%22%2C%22content_position%22%3A%22pointer-left%22%2C%22pointer_position_top%22%3A%2233%25%22%2C%22pointer_position_right%22%3A%2215%25%22%7D%2C%7B%22title%22%3A%22LEK.%20DENT.%20EWA%20ZAGALAK%22%2C%22link%22%3A%22url%3Ahttp%253A%252F%252Flocalhost%252Fctthemes%252Ftiman%252Fdoctor%252Flibona-juka%252F%7C%7C%7C%22%2C%22content_position%22%3A%22pointer-right%22%2C%22pointer_position_top%22%3A%2242%25%22%2C%22pointer_position_left%22%3A%2215%25%22%7D%5D&#8221;][\/vc_column][\/vc_row]<\/p>\n<\/div>","protected":false},"excerpt":{"rendered":"<p>[vc_row full_width=&#8221;stretch_row&#8221; content_placement=&#8221;middle&#8221; css=&#8221;.vc_custom_1766345667121{padding-top: 50px !important;background-color: #F1F8FF !important;}&#8221;][vc_column width=&#8221;7\/12&#8243; ct_column_class=&#8221;rm-padding-lg&#8221; css=&#8221;.vc_custom_1544860888100{padding-top: 0px !important;padding-right: 50px !important;padding-bottom: 0px !important;}&#8221;][ct_heading text=&#8221;Historia mi\u0142o\u015bci do miasta&#8221; font_weight=&#8221;&#8221; text_color=&#8221;#2E5688&#8243; subtitle=&#8221;Nasza Bydgoszcz&#8221; description=&#8221;Czasem najpi\u0119kniejsze historie zaczynaj\u0105 si\u0119 od przypadku. Tak w\u0142a\u015bnie by\u0142o z dr n. med. Mari\u0105 Lorentowicz-Zagalak i dr n. med. Rafa\u0142em Zagalakiem. Cho\u0107 \u017cadne z nich nie pochodzi z Bydgoszczy, [&hellip;]<\/p>\n","protected":false},"author":1,"featured_media":0,"parent":0,"menu_order":0,"comment_status":"closed","ping_status":"closed","template":"","meta":{"footnotes":""},"class_list":["post-987","page","type-page","status-publish","hentry"],"_links":{"self":[{"href":"https:\/\/zagalak.rezerwuj-zabieg.pl\/index.php?rest_route=\/wp\/v2\/pages\/987","targetHints":{"allow":["GET"]}}],"collection":[{"href":"https:\/\/zagalak.rezerwuj-zabieg.pl\/index.php?rest_route=\/wp\/v2\/pages"}],"about":[{"href":"https:\/\/zagalak.rezerwuj-zabieg.pl\/index.php?rest_route=\/wp\/v2\/types\/page"}],"author":[{"embeddable":true,"href":"https:\/\/zagalak.rezerwuj-zabieg.pl\/index.php?rest_route=\/wp\/v2\/users\/1"}],"replies":[{"embeddable":true,"href":"https:\/\/zagalak.rezerwuj-zabieg.pl\/index.php?rest_route=%2Fwp%2Fv2%2Fcomments&post=987"}],"version-history":[{"count":6,"href":"https:\/\/zagalak.rezerwuj-zabieg.pl\/index.php?rest_route=\/wp\/v2\/pages\/987\/revisions"}],"predecessor-version":[{"id":1280,"href":"https:\/\/zagalak.rezerwuj-zabieg.pl\/index.php?rest_route=\/wp\/v2\/pages\/987\/revisions\/1280"}],"wp:attachment":[{"href":"https:\/\/zagalak.rezerwuj-zabieg.pl\/index.php?rest_route=%2Fwp%2Fv2%2Fmedia&parent=987"}],"curies":[{"name":"wp","href":"https:\/\/api.w.org\/{rel}","templated":true}]}}