{"id":965,"date":"2025-12-21T20:23:23","date_gmt":"2025-12-21T19:23:23","guid":{"rendered":"https:\/\/zagalak.rezerwuj-zabieg.pl\/?page_id=965"},"modified":"2026-01-05T16:28:12","modified_gmt":"2026-01-05T15:28:12","slug":"ewa-zagalak","status":"publish","type":"page","link":"https:\/\/zagalak.rezerwuj-zabieg.pl\/?page_id=965","title":{"rendered":"Ewa Zagalak"},"content":{"rendered":"<div class=\"wpb-content-wrapper\"><p>[vc_row full_width=&#8221;stretch_row_content_no_spaces&#8221; equal_height=&#8221;yes&#8221; content_placement=&#8221;middle&#8221; ct_row_class=&#8221;bg-primary&#8221;][vc_column width=&#8221;1\/4&#8243; css=&#8221;.vc_custom_1766346348086{padding-top: 0px !important;background-image: url(https:\/\/zagalak.rezerwuj-zabieg.pl\/wp-content\/uploads\/2025\/12\/WhatsApp-Image-2025-12-14-at-23.40.51-8.jpeg?id=925) !important;background-position: center !important;background-repeat: no-repeat !important;background-size: cover !important;}&#8221; offset=&#8221;vc_col-lg-6 vc_col-md-6&#8243;][ct_space space_lg=&#8221;330&#8243; space_md=&#8221;330&#8243; space_sm=&#8221;330&#8243; space_xs=&#8221;150&#8243;][ct_space space_lg=&#8221;330&#8243; space_md=&#8221;330&#8243; space_sm=&#8221;330&#8243; space_xs=&#8221;150&#8243;][ct_space space_lg=&#8221;330&#8243; space_md=&#8221;330&#8243; space_sm=&#8221;330&#8243; space_xs=&#8221;200&#8243;][\/vc_column][vc_column width=&#8221;3\/4&#8243; ct_column_class=&#8221;rm-padding-sm&#8221; css=&#8221;.vc_custom_1766336837537{padding-top: 20px !important;padding-right: 90px !important;padding-bottom: 20px !important;padding-left: 70px !important;}&#8221; offset=&#8221;vc_col-lg-6 vc_col-md-6&#8243;][ct_heading text=&#8221;EWA ZAGALAK&#8221; font_size=&#8221;80&#8243; font_size_md=&#8221;60&#8243; font_size_sm=&#8221;48&#8243; font_size_xs=&#8221;36&#8243; line_height=&#8221;90&#8243; line_height_md=&#8221;70&#8243; line_height_sm=&#8221;60&#8243; line_height_xs=&#8221;48&#8243; font_weight=&#8221;&#8221; text_color=&#8221;#ffffff&#8221; subtitle=&#8221;LEK. DENT.&#8221; subtitle_font_size=&#8221;16&#8243; subtitle_color=&#8221;#FFFFFF&#8221; description=&#8221;Lek. dent. Ewa Zagalak, najm\u0142odsza przedstawicielka rodzinnej tradycji, do\u0142\u0105czy\u0142a do zespo\u0142u Kliniki Zagalak po uko\u0144czeniu studi\u00f3w stomatologicznych w 2025 roku. Jej spokojne i rozwa\u017cne podej\u015bcie do pacjent\u00f3w idealnie uzupe\u0142nia dynamik\u0119 rodzinnej praktyki.<\/p>\n<p>Ewa wyr\u00f3\u017cnia si\u0119 wyj\u0105tkow\u0105 umiej\u0119tno\u015bci\u0105 s\u0142uchania i wnikliwej obserwacji, co pozwala jej dostrzec potrzeby pacjent\u00f3w, kt\u00f3re cz\u0119sto pozostaj\u0105 niewypowiedziane.<\/p>\n<p>Jej naturalna empatia i cierpliwo\u015b\u0107 sprawiaj\u0105, \u017ce nawet najbardziej zestresowani pacjenci odnajduj\u0105 w jej obecno\u015bci spok\u00f3j i ukojenie. Z w\u0142a\u015bciw\u0105 sobie dok\u0142adno\u015bci\u0105 i systematyczno\u015bci\u0105 podchodzi do ka\u017cdego przypadku, po\u015bwi\u0119caj\u0105c czas na szczeg\u00f3\u0142ow\u0105 analiz\u0119 i staranne planowanie leczenia.<\/p>\n<p>Ju\u017c podczas studi\u00f3w wykazywa\u0142a si\u0119 zaanga\u017cowaniem w rozw\u00f3j naukowy, regularnie uczestnicz\u0105c w presti\u017cowych wyk\u0142adach stomatologicznych organizowanych przez Polskie Towarzystwo Student\u00f3w Stomatologii w Warszawie, Krakowie, Poznaniu i \u0141odzi.<\/p>\n<p>Jej organizacyjne zdolno\u015bci zosta\u0142y docenione, gdy powierzono jej rol\u0119 w komitecie organizacyjnym konferencji Holly\u0141\u00f3d\u017a Smile 6 \u2013 do\u015bwiadczenie, kt\u00f3re wzbogaci\u0142o jej umiej\u0119tno\u015bci wsp\u00f3\u0142pracy i koordynacji.&#8221; description_font_size=&#8221;18&#8243; description_line_height=&#8221;30&#8243; description_color=&#8221;#FFFFFF&#8221; margin_bottom=&#8221;20&#8243;][\/vc_column][\/vc_row][vc_row full_width=&#8221;stretch_row_content_no_spaces&#8221; equal_height=&#8221;yes&#8221; content_placement=&#8221;middle&#8221;][vc_column width=&#8221;1\/2&#8243; ct_column_class=&#8221;rm-padding-sm&#8221; css=&#8221;.vc_custom_1766344726003{padding-top: 20px !important;padding-right: 50px !important;padding-bottom: 20px !important;padding-left: 70px !important;}&#8221;][ct_heading text_below_color=&#8221;#0342A9&#8243; font_size=&#8221;80&#8243; font_size_md=&#8221;60&#8243; font_size_sm=&#8221;48&#8243; font_size_xs=&#8221;36&#8243; line_height=&#8221;90&#8243; line_height_md=&#8221;70&#8243; line_height_sm=&#8221;60&#8243; line_height_xs=&#8221;48&#8243; font_weight=&#8221;&#8221; text_color=&#8221;#ffffff&#8221; subtitle_font_size=&#8221;16&#8243; subtitle_color=&#8221;#000000&#8243; description=&#8221;Ewa harmonijnie \u0142\u0105czy \u017cycie zawodowe z osobist\u0105 pasj\u0105 do muzyki. Jako wsp\u00f3\u0142tw\u00f3rczyni zespo\u0142u ZGZ, rozwija\u0142a sw\u00f3j talent wokalny, dziel\u0105c si\u0119 nim z publiczno\u015bci\u0105. Obecnie kontynuuje swoj\u0105 muzyczn\u0105 drog\u0119, wyst\u0119puj\u0105c zar\u00f3wno w nowym sk\u0142adzie, jak i solowo, znajduj\u0105c w \u015bpiewie r\u00f3wnowag\u0119 i wytchnienie od intensywnej pracy klinicznej.<\/p>\n<p>Jej podej\u015bcie do stomatologii charakteryzuje si\u0119 niezwyk\u0142\u0105 dba\u0142o\u015bci\u0105 o komfort pacjenta i szczeg\u00f3\u0142y procedur. Ewa wierzy, \u017ce skuteczne leczenie opiera si\u0119 nie tylko na wiedzy medycznej, ale r\u00f3wnie\u017c na zbudowaniu relacji opartej na zaufaniu i wzajemnym szacunku. W swojej praktyce d\u0105\u017cy do stworzenia atmosfery, w kt\u00f3rej pacjenci czuj\u0105 si\u0119 wys\u0142uchani i zaopiekowani.<\/p>\n<p>Wnosi do kliniki \u015bwie\u017ce spojrzenie i najnowsz\u0105 wiedz\u0119, jednocze\u015bnie kontynuuj\u0105c rodzinne tradycje holistycznego podej\u015bcia do pacjenta. Jej cicha determinacja i konsekwentne d\u0105\u017cenie do doskonalenia umiej\u0119tno\u015bci zapowiadaj\u0105 obiecuj\u0105c\u0105 przysz\u0142o\u015b\u0107 w zawodzie, kt\u00f3ry wybra\u0142a z g\u0142\u0119bokim przekonaniem i pasj\u0105.<\/p>\n<p>Specjalizuje si\u0119 w: stomatologia zachowawcza, profilaktyka stomatologiczna, stomatologia dzieci\u0119ca&#8221; description_font_size=&#8221;18&#8243; description_line_height=&#8221;30&#8243; description_color=&#8221;#103879&#8243; margin_top=&#8221;26&#8243; margin_bottom=&#8221;35&#8243;][vc_empty_space height=&#8221;38&#8243;][\/vc_column][vc_column width=&#8221;1\/2&#8243; css=&#8221;.vc_custom_1766344687619{padding-top: 0px !important;background-position: center !important;background-repeat: no-repeat !important;background-size: cover !important;}&#8221;][ct_images_carousel images=&#8221;931,1116,1098,1115&#8243; col_xs=&#8221;1&#8243; col_sm=&#8221;1&#8243; col_md=&#8221;1&#8243; col_lg=&#8221;1&#8243; margin=&#8221;0&#8243; loop=&#8221;true&#8221; autoplay=&#8221;true&#8221; center=&#8221;true&#8221; bullets=&#8221;true&#8221; carousel_height=&#8221;1200&#8243;][\/vc_column][\/vc_row]<\/p>\n<\/div>","protected":false},"excerpt":{"rendered":"<p>[vc_row full_width=&#8221;stretch_row_content_no_spaces&#8221; equal_height=&#8221;yes&#8221; content_placement=&#8221;middle&#8221; ct_row_class=&#8221;bg-primary&#8221;][vc_column width=&#8221;1\/4&#8243; css=&#8221;.vc_custom_1766346348086{padding-top: 0px !important;background-image: url(https:\/\/zagalak.rezerwuj-zabieg.pl\/wp-content\/uploads\/2025\/12\/WhatsApp-Image-2025-12-14-at-23.40.51-8.jpeg?id=925) !important;background-position: center !important;background-repeat: no-repeat !important;background-size: cover !important;}&#8221; offset=&#8221;vc_col-lg-6 vc_col-md-6&#8243;][ct_space space_lg=&#8221;330&#8243; space_md=&#8221;330&#8243; space_sm=&#8221;330&#8243; space_xs=&#8221;150&#8243;][ct_space space_lg=&#8221;330&#8243; space_md=&#8221;330&#8243; space_sm=&#8221;330&#8243; space_xs=&#8221;150&#8243;][ct_space space_lg=&#8221;330&#8243; space_md=&#8221;330&#8243; space_sm=&#8221;330&#8243; space_xs=&#8221;200&#8243;][\/vc_column][vc_column width=&#8221;3\/4&#8243; ct_column_class=&#8221;rm-padding-sm&#8221; css=&#8221;.vc_custom_1766336837537{padding-top: 20px !important;padding-right: 90px !important;padding-bottom: 20px !important;padding-left: 70px !important;}&#8221; offset=&#8221;vc_col-lg-6 vc_col-md-6&#8243;][ct_heading text=&#8221;EWA ZAGALAK&#8221; font_size=&#8221;80&#8243; font_size_md=&#8221;60&#8243; font_size_sm=&#8221;48&#8243; font_size_xs=&#8221;36&#8243; line_height=&#8221;90&#8243; line_height_md=&#8221;70&#8243; line_height_sm=&#8221;60&#8243; line_height_xs=&#8221;48&#8243; font_weight=&#8221;&#8221; [&hellip;]<\/p>\n","protected":false},"author":1,"featured_media":0,"parent":0,"menu_order":0,"comment_status":"closed","ping_status":"closed","template":"","meta":{"footnotes":""},"class_list":["post-965","page","type-page","status-publish","hentry"],"_links":{"self":[{"href":"https:\/\/zagalak.rezerwuj-zabieg.pl\/index.php?rest_route=\/wp\/v2\/pages\/965","targetHints":{"allow":["GET"]}}],"collection":[{"href":"https:\/\/zagalak.rezerwuj-zabieg.pl\/index.php?rest_route=\/wp\/v2\/pages"}],"about":[{"href":"https:\/\/zagalak.rezerwuj-zabieg.pl\/index.php?rest_route=\/wp\/v2\/types\/page"}],"author":[{"embeddable":true,"href":"https:\/\/zagalak.rezerwuj-zabieg.pl\/index.php?rest_route=\/wp\/v2\/users\/1"}],"replies":[{"embeddable":true,"href":"https:\/\/zagalak.rezerwuj-zabieg.pl\/index.php?rest_route=%2Fwp%2Fv2%2Fcomments&post=965"}],"version-history":[{"count":18,"href":"https:\/\/zagalak.rezerwuj-zabieg.pl\/index.php?rest_route=\/wp\/v2\/pages\/965\/revisions"}],"predecessor-version":[{"id":1272,"href":"https:\/\/zagalak.rezerwuj-zabieg.pl\/index.php?rest_route=\/wp\/v2\/pages\/965\/revisions\/1272"}],"wp:attachment":[{"href":"https:\/\/zagalak.rezerwuj-zabieg.pl\/index.php?rest_route=%2Fwp%2Fv2%2Fmedia&parent=965"}],"curies":[{"name":"wp","href":"https:\/\/api.w.org\/{rel}","templated":true}]}}