{"id":907,"date":"2025-12-21T18:02:33","date_gmt":"2025-12-21T17:02:33","guid":{"rendered":"https:\/\/zagalak.rezerwuj-zabieg.pl\/?page_id=907"},"modified":"2026-02-02T16:58:13","modified_gmt":"2026-02-02T15:58:13","slug":"maria-lorentowicz-zagalak","status":"publish","type":"page","link":"https:\/\/zagalak.rezerwuj-zabieg.pl\/?page_id=907","title":{"rendered":"Maria Lorentowicz-Zagalak"},"content":{"rendered":"<div class=\"wpb-content-wrapper\"><p>[vc_row full_width=&#8221;stretch_row_content_no_spaces&#8221; equal_height=&#8221;yes&#8221; content_placement=&#8221;middle&#8221; ct_row_class=&#8221;bg-primary&#8221;][vc_column width=&#8221;1\/4&#8243; css=&#8221;.vc_custom_1770047616556{padding-top: 0px !important;background-image: url(https:\/\/zagalak.rezerwuj-zabieg.pl\/wp-content\/uploads\/2026\/01\/Projekt-bez-nazwy-36.png?id=1290) !important;background-position: center !important;background-repeat: no-repeat !important;background-size: cover !important;}&#8221; offset=&#8221;vc_col-lg-6 vc_col-md-6&#8243;][ct_space space_lg=&#8221;330&#8243; space_md=&#8221;330&#8243; space_sm=&#8221;330&#8243; space_xs=&#8221;150&#8243;][ct_space space_lg=&#8221;330&#8243; space_md=&#8221;330&#8243; space_sm=&#8221;330&#8243; space_xs=&#8221;200&#8243;][\/vc_column][vc_column width=&#8221;3\/4&#8243; ct_column_class=&#8221;rm-padding-sm&#8221; css=&#8221;.vc_custom_1770047480652{padding-top: 20px !important;padding-right: 90px !important;padding-bottom: 20px !important;padding-left: 70px !important;}&#8221; offset=&#8221;vc_col-lg-6 vc_col-md-6 vc_col-sm-offset-0&#8243;][ct_heading text=&#8221;MARIA LORENTOWICZ-ZAGALAK&#8221; font_size=&#8221;80&#8243; font_size_md=&#8221;60&#8243; font_size_sm=&#8221;48&#8243; font_size_xs=&#8221;36&#8243; line_height=&#8221;90&#8243; line_height_md=&#8221;70&#8243; line_height_sm=&#8221;60&#8243; line_height_xs=&#8221;48&#8243; font_weight=&#8221;&#8221; text_color=&#8221;#ffffff&#8221; subtitle=&#8221;DR N. MED.&#8221; subtitle_font_size=&#8221;18&#8243; subtitle_line_height=&#8221;25&#8243; subtitle_color=&#8221;#FFFFFF&#8221; description=&#8221;Z pasj\u0105 i energi\u0105 leczy ju\u017c od 30 lat , inspiruj\u0105c u\u015bmiechem ka\u017cdego pacjenta.<\/p>\n<p>Dr n. med. Maria Lorentowicz-Zagalak to wyj\u0105tkowa osobowo\u015b\u0107 w \u015bwiecie stomatologii \u2013 dynamiczna, pe\u0142na entuzjazmu i zawsze gotowa na nowe wyzwania. Absolwentka Uniwersytetu Medycznego w Poznaniu, kt\u00f3ra ju\u017c zaledwie 5 lat po studiach zdoby\u0142a tytu\u0142 doktora, udowadniaj\u0105c, \u017ce determinacja i odwaga przynosz\u0105 spektakularne rezultaty.<\/p>\n<p>Jej mi\u0119dzynarodowa kariera w Belgii, Holandii i Finlandii to nie tylko zdobywanie do\u015bwiadczenia, ale prawdziwa misja dzielenia si\u0119 wiedz\u0105 i budowania most\u00f3w mi\u0119dzy kulturami. Jako ekspert w leczeniu  protetycznym, z charyzm\u0105 i entuzjazmem dzieli si\u0119 swoj\u0105 wiedz\u0105 podczas presti\u017cowych zjazd\u00f3w i konferencji stomatologicznych.<\/p>\n<p>Maria to prawdziwy wulkan energii i ciep\u0142a \u2013 potrafi natychmiast zbudowa\u0107 relacj\u0119 z ka\u017cdym pacjentem, tworz\u0105c atmosfer\u0119 zaufania i wsp\u00f3\u0142pracy. Jej spontaniczno\u015b\u0107 i otwarto\u015b\u0107 sprawiaj\u0105, \u017ce nawet najbardziej stresuj\u0105ce wizyty staj\u0105 si\u0119 pozytywnym do\u015bwiadczeniem. Pacjenci ceni\u0105 j\u0105 nie tylko za profesjonalizm, ale tak\u017ce za umiej\u0119tno\u015b\u0107 motywowania do dzia\u0142ania i zara\u017cania optymizmem.&#8221; description_font_size=&#8221;18&#8243; description_line_height=&#8221;30&#8243; description_color=&#8221;#FFFFFF&#8221; margin_bottom=&#8221;20&#8243;][\/vc_column][\/vc_row][vc_row full_width=&#8221;stretch_row_content_no_spaces&#8221; equal_height=&#8221;yes&#8221; content_placement=&#8221;middle&#8221;][vc_column width=&#8221;1\/2&#8243; ct_column_class=&#8221;rm-padding-sm&#8221; css=&#8221;.vc_custom_1766344726003{padding-top: 20px !important;padding-right: 50px !important;padding-bottom: 20px !important;padding-left: 70px !important;}&#8221;][ct_heading text_below_color=&#8221;#0342A9&#8243; font_size=&#8221;80&#8243; font_size_md=&#8221;60&#8243; font_size_sm=&#8221;48&#8243; font_size_xs=&#8221;36&#8243; line_height=&#8221;90&#8243; line_height_md=&#8221;70&#8243; line_height_sm=&#8221;60&#8243; line_height_xs=&#8221;48&#8243; font_weight=&#8221;&#8221; text_color=&#8221;#ffffff&#8221; subtitle_font_size=&#8221;16&#8243; subtitle_color=&#8221;#000000&#8243; description=&#8221;Z niezwyk\u0142\u0105 intuicj\u0105 i b\u0142yskotliwo\u015bci\u0105 podchodzi do ka\u017cdego przypadku, \u0142\u0105cz\u0105c swoj\u0105 rozleg\u0142\u0105 wiedz\u0119, wieloletnie do\u015bwiadczenie oraz holistyczne spojrzenie na cz\u0142owieka. Jest cz\u0142onkini\u0105 ITI \u2013 International Team for Implantology, jednej z najbardziej presti\u017cowych mi\u0119dzynarodowych organizacji zrzeszaj\u0105cych ekspert\u00f3w w dziedzinie implantologii, co potwierdza jej najwy\u017csze kompetencje oraz sta\u0142y kontakt z najnowszymi \u015bwiatowymi standardami leczenia.<\/p>\n<p>W czasie wolnym, mi\u0119dzy innymi jako Konsul honorowy Republiki Serbii w Bydgoszczy, anga\u017cuje si\u0119 w inicjatywy spo\u0142eczne, udowadniaj\u0105c, \u017ce mo\u017cna \u0142\u0105czy\u0107 profesjonalizm z dzia\u0142alno\u015bci\u0105 charytatywn\u0105 i patriotyzmem lokalnym w dzia\u0142aniu. Jej autorski projekt #zanimzajdziesz, po\u015bwi\u0119cony profilaktyce stomatologicznej dla kobiet planuj\u0105cych potomstwo, zrewolucjonizowa\u0142 podej\u015bcie do zdrowia jamy ustnej przysz\u0142ych mam.<\/p>\n<p>Z nieustaj\u0105c\u0105 energi\u0105 wspiera lokaln\u0105 spo\u0142eczno\u015b\u0107 poprzez prelekcje stomatologiczne w szko\u0142ach, inicjatywy bookcrossingowe oraz pozyskiwanie sponsor\u00f3w dla Domu Pomocy Spo\u0142ecznej Zgromadzenia Si\u00f3str Mi\u0142osierdzia w Che\u0142mnie. Jej zaanga\u017cowanie w projekty Bazyliki \u015bw. Wincentego \u00e0 Paulo w Bydgoszczy pokazuje, jak wielkie serce kryje si\u0119 za profesjonalnym u\u015bmiechem. Zasiada w Konwencie Wy\u017cszej Szko\u0142y Gospodarki, gdzie wspiera student\u00f3w oraz s\u0142u\u017cy pomoc\u0105 i wiedz\u0105 stomatologiczn\u0105 przy realizacji projekt\u00f3w uczelnianych. W przesz\u0142o\u015bci pe\u0142ni\u0142a r\u00f3wnie\u017c funkcj\u0119 Ambasadorki Konkursu Pianistycznego im. I. J. Paderewskiego w Bydgoszczy w ramach programu Business for Culture \u2013 Culture for Business.<\/p>\n<p>W wolnym czasie Maria z pasj\u0105 oddaje si\u0119 podr\u00f3\u017com, czerpi\u0105c z \u017cycia pe\u0142nymi gar\u015bciami i inspiruj\u0105c innych do podobnej odwagi. Jej charyzmatyczna osobowo\u015b\u0107 i zdolno\u015b\u0107 do motywowania sprawiaj\u0105, \u017ce nie tylko leczy z\u0119by, ale realnie zmienia \u017cycie swoich pacjent\u00f3w.<\/p>\n<p>Specjalizuje si\u0119 w:<br \/>\nprotetyce oraz stomatologii holistycznej.&#8221; description_font_size=&#8221;18&#8243; description_line_height=&#8221;30&#8243; description_color=&#8221;#103879&#8243; margin_top=&#8221;26&#8243; margin_bottom=&#8221;35&#8243;][vc_empty_space height=&#8221;38&#8243;][\/vc_column][vc_column width=&#8221;1\/2&#8243; css=&#8221;.vc_custom_1770047622852{padding-top: 0px !important;background-position: center !important;background-repeat: no-repeat !important;background-size: cover !important;}&#8221;][ct_images_carousel images=&#8221;918,1102,1113,1107&#8243; col_xs=&#8221;1&#8243; col_sm=&#8221;1&#8243; col_md=&#8221;1&#8243; col_lg=&#8221;1&#8243; margin=&#8221;0&#8243; loop=&#8221;true&#8221; autoplay=&#8221;true&#8221; center=&#8221;true&#8221; bullets=&#8221;true&#8221; carousel_height=&#8221;1000&#8243;][\/vc_column][\/vc_row]<\/p>\n<\/div>","protected":false},"excerpt":{"rendered":"<p>[vc_row full_width=&#8221;stretch_row_content_no_spaces&#8221; equal_height=&#8221;yes&#8221; content_placement=&#8221;middle&#8221; ct_row_class=&#8221;bg-primary&#8221;][vc_column width=&#8221;1\/4&#8243; css=&#8221;.vc_custom_1770047616556{padding-top: 0px !important;background-image: url(https:\/\/zagalak.rezerwuj-zabieg.pl\/wp-content\/uploads\/2026\/01\/Projekt-bez-nazwy-36.png?id=1290) !important;background-position: center !important;background-repeat: no-repeat !important;background-size: cover !important;}&#8221; offset=&#8221;vc_col-lg-6 vc_col-md-6&#8243;][ct_space space_lg=&#8221;330&#8243; space_md=&#8221;330&#8243; space_sm=&#8221;330&#8243; space_xs=&#8221;150&#8243;][ct_space space_lg=&#8221;330&#8243; space_md=&#8221;330&#8243; space_sm=&#8221;330&#8243; space_xs=&#8221;200&#8243;][\/vc_column][vc_column width=&#8221;3\/4&#8243; ct_column_class=&#8221;rm-padding-sm&#8221; css=&#8221;.vc_custom_1770047480652{padding-top: 20px !important;padding-right: 90px !important;padding-bottom: 20px !important;padding-left: 70px !important;}&#8221; offset=&#8221;vc_col-lg-6 vc_col-md-6 vc_col-sm-offset-0&#8243;][ct_heading text=&#8221;MARIA LORENTOWICZ-ZAGALAK&#8221; font_size=&#8221;80&#8243; font_size_md=&#8221;60&#8243; font_size_sm=&#8221;48&#8243; font_size_xs=&#8221;36&#8243; line_height=&#8221;90&#8243; line_height_md=&#8221;70&#8243; line_height_sm=&#8221;60&#8243; line_height_xs=&#8221;48&#8243; font_weight=&#8221;&#8221; text_color=&#8221;#ffffff&#8221; subtitle=&#8221;DR N. [&hellip;]<\/p>\n","protected":false},"author":1,"featured_media":0,"parent":0,"menu_order":0,"comment_status":"closed","ping_status":"closed","template":"","meta":{"footnotes":""},"class_list":["post-907","page","type-page","status-publish","hentry"],"_links":{"self":[{"href":"https:\/\/zagalak.rezerwuj-zabieg.pl\/index.php?rest_route=\/wp\/v2\/pages\/907","targetHints":{"allow":["GET"]}}],"collection":[{"href":"https:\/\/zagalak.rezerwuj-zabieg.pl\/index.php?rest_route=\/wp\/v2\/pages"}],"about":[{"href":"https:\/\/zagalak.rezerwuj-zabieg.pl\/index.php?rest_route=\/wp\/v2\/types\/page"}],"author":[{"embeddable":true,"href":"https:\/\/zagalak.rezerwuj-zabieg.pl\/index.php?rest_route=\/wp\/v2\/users\/1"}],"replies":[{"embeddable":true,"href":"https:\/\/zagalak.rezerwuj-zabieg.pl\/index.php?rest_route=%2Fwp%2Fv2%2Fcomments&post=907"}],"version-history":[{"count":25,"href":"https:\/\/zagalak.rezerwuj-zabieg.pl\/index.php?rest_route=\/wp\/v2\/pages\/907\/revisions"}],"predecessor-version":[{"id":1323,"href":"https:\/\/zagalak.rezerwuj-zabieg.pl\/index.php?rest_route=\/wp\/v2\/pages\/907\/revisions\/1323"}],"wp:attachment":[{"href":"https:\/\/zagalak.rezerwuj-zabieg.pl\/index.php?rest_route=%2Fwp%2Fv2%2Fmedia&parent=907"}],"curies":[{"name":"wp","href":"https:\/\/api.w.org\/{rel}","templated":true}]}}