{"id":894,"date":"2025-12-21T17:29:42","date_gmt":"2025-12-21T16:29:42","guid":{"rendered":"https:\/\/zagalak.rezerwuj-zabieg.pl\/?page_id=894"},"modified":"2026-01-16T18:52:02","modified_gmt":"2026-01-16T17:52:02","slug":"firma-rodzinna","status":"publish","type":"page","link":"https:\/\/zagalak.rezerwuj-zabieg.pl\/?page_id=894","title":{"rendered":"Firma rodzinna"},"content":{"rendered":"<div class=\"wpb-content-wrapper\"><p>[vc_row full_width=&#8221;stretch_row&#8221; content_placement=&#8221;middle&#8221; css=&#8221;.vc_custom_1766345667121{padding-top: 50px !important;background-color: #F1F8FF !important;}&#8221;][vc_column width=&#8221;7\/12&#8243; ct_column_class=&#8221;rm-padding-lg&#8221; css=&#8221;.vc_custom_1544860888100{padding-top: 0px !important;padding-right: 50px !important;padding-bottom: 0px !important;}&#8221;][ct_heading text=&#8221;Dwa pokolenia pasji i troski o Tw\u00f3j u\u015bmiech&#8221; font_weight=&#8221;&#8221; text_color=&#8221;#2E5688&#8243; subtitle=&#8221;Klinika Zagalak&#8221; description=&#8221;W sercu Bydgoszczy, w\u015br\u00f3d nowoczesnych budynk\u00f3w i miejskiego zgie\u0142ku, istnieje wyj\u0105tkowe miejsce, gdzie stomatologia jest czym\u015b wi\u0119cej ni\u017c zawodem \u2013 jest rodzinn\u0105 misj\u0105 przekazywan\u0105 z pokolenia na pokolenie. Klinika Zagalak to nie tylko medyczna plac\u00f3wka, to historia rodziny, kt\u00f3ra od lat dba o zdrowie i pi\u0119kno u\u015bmiech\u00f3w mieszka\u0144c\u00f3w Kujawsko-Pomorskiego.&#8221; description_line_height=&#8221;30&#8243; description_color=&#8221;#2E5688&#8243; margin_top=&#8221;25&#8243; margin_bottom=&#8221;16&#8243;][ct_space space_lg=&#8221;0&#8243; space_md=&#8221;0&#8243; space_sm=&#8221;0&#8243; space_xs=&#8221;60&#8243;][\/vc_column][vc_column width=&#8221;5\/12&#8243; css=&#8221;.vc_custom_1544860883634{padding-top: 0px !important;padding-bottom: 0px !important;}&#8221;][vc_single_image image=&#8221;1118&#8243; img_size=&#8221;full&#8221; alignment=&#8221;right&#8221; css_animation=&#8221;none&#8221; css=&#8221;.vc_custom_1767622057827{margin-bottom: 0px !important;}&#8221; ct_image_align_md=&#8221;image_align_sm_center&#8221; ct_image_align=&#8221;image_align_xs_center&#8221;][\/vc_column][\/vc_row][vc_row full_width=&#8221;stretch_row&#8221; content_placement=&#8221;middle&#8221; css=&#8221;.vc_custom_1766346012695{padding-top: 30px !important;padding-bottom: 30px !important;background-color: #FFFFFF !important;}&#8221;][vc_column width=&#8221;5\/12&#8243; css=&#8221;.vc_custom_1544860883634{padding-top: 0px !important;padding-bottom: 0px !important;}&#8221;][vc_single_image image=&#8221;923&#8243; img_size=&#8221;full&#8221; alignment=&#8221;right&#8221; css_animation=&#8221;none&#8221; css=&#8221;.vc_custom_1767021894154{margin-bottom: 0px !important;}&#8221; ct_image_align_md=&#8221;image_align_sm_center&#8221; ct_image_align=&#8221;image_align_xs_center&#8221;][\/vc_column][vc_column width=&#8221;7\/12&#8243; ct_column_class=&#8221;rm-padding-lg&#8221; css=&#8221;.vc_custom_1544860888100{padding-top: 0px !important;padding-right: 50px !important;padding-bottom: 0px !important;}&#8221;][ct_heading text=&#8221;Pocz\u0105tki rodzinnej tradycji&#8221; font_weight=&#8221;&#8221; text_color=&#8221;#2E5688&#8243; description=&#8221;Historia Kliniki Zagalak rozpocz\u0119\u0142a si\u0119 od marzenia dwojga lekarzy \u2013 dr n. med. Marii Lorentowicz-Zagalak i dr n. med. Rafa\u0142a Zagalaka. Po\u0142\u0105czeni nie tylko wi\u0119zami ma\u0142\u017ce\u0144skimi, ale i wsp\u00f3ln\u0105 wizj\u0105 nowoczesnej, holistycznej stomatologii, postanowili stworzy\u0107 miejsce, gdzie pacjent jest zawsze w centrum uwagi. Ich klinika szybko sta\u0142a si\u0119 synonimem profesjonalizmu i empatycznego podej\u015bcia do leczenia.<\/p>\n<p>Przez trzy dekady budowali nie tylko praktyk\u0119 medyczn\u0105, ale przede wszystkim relacje oparte na zaufaniu. Ka\u017cdy pacjent przekraczaj\u0105cy pr\u00f3g ich kliniki stawa\u0142 si\u0119 cz\u0119\u015bci\u0105 wi\u0119kszej rodziny \u2013 rodziny Zagalak. W czasach, gdy stomatologia kojarzy\u0142a si\u0119 g\u0142\u00f3wnie z l\u0119kiem, oni tworzyli przestrze\u0144, gdzie strach ust\u0119powa\u0142 miejsca komfortowi i poczuciu bezpiecze\u0144stwa.&#8221; description_line_height=&#8221;30&#8243; description_color=&#8221;#2E5688&#8243; margin_top=&#8221;25&#8243; margin_bottom=&#8221;16&#8243;][ct_space space_lg=&#8221;0&#8243; space_md=&#8221;0&#8243; space_sm=&#8221;0&#8243; space_xs=&#8221;60&#8243;][\/vc_column][\/vc_row][vc_row full_width=&#8221;stretch_row&#8221; content_placement=&#8221;middle&#8221; css=&#8221;.vc_custom_1766345657505{background-color: #F1F8FF !important;}&#8221;][vc_column width=&#8221;7\/12&#8243; ct_column_class=&#8221;rm-padding-lg&#8221; css=&#8221;.vc_custom_1544860888100{padding-top: 0px !important;padding-right: 50px !important;padding-bottom: 0px !important;}&#8221;][ct_heading text=&#8221;Przekazanie pasji \u2013 nowe pokolenie&#8221; font_weight=&#8221;&#8221; text_color=&#8221;#2E5688&#8243; description=&#8221;Najpi\u0119kniejszym momentem w historii kliniki by\u0142o do\u0142\u0105czenie do zespo\u0142u lek. dent. Ewy Zagalak, c\u00f3rki za\u0142o\u017cycieli. Ten moment symbolizuje to, co w rodzinnym biznesie najcenniejsze \u2013 ci\u0105g\u0142o\u015b\u0107, dziedzictwo i przekazanie nie tylko wiedzy, ale przede wszystkim warto\u015bci i pasji.<\/p>\n<p>\u201cObserwowanie, jak Ewa dorasta w\u015br\u00f3d rozm\u00f3w o stomatologii, jak z dzieci\u0119cej ciekawo\u015bci rodzi si\u0119 prawdziwe powo\u0142anie \u2013 to by\u0142o dla nas najwspanialsze do\u015bwiadczenie\u201d \u2013 wspomina dr Maria Lorentowicz-Zagalak. \u201cNie naciskali\u015bmy, by wybra\u0142a nasz\u0105 drog\u0119. To ona sama odkry\u0142a w sobie t\u0119 sam\u0105 pasj\u0119, kt\u00f3ra nap\u0119dza nas od lat.\u201d<\/p>\n<p>Ewa, \u0142\u0105cz\u0105c \u015bwie\u017c\u0105 wiedz\u0119 zdobyt\u0105 podczas studi\u00f3w z do\u015bwiadczeniem przekazywanym przez rodzic\u00f3w, wnios\u0142a do kliniki now\u0105 energi\u0119 i perspektyw\u0119. Jej spokojne, empatyczne podej\u015bcie i naturalna zdolno\u015b\u0107 budowania zaufania sprawi\u0142y, \u017ce p\u0142ynnie wesz\u0142a w rodzinn\u0105 tradycj\u0119, jednocze\u015bnie wnosz\u0105c w\u0142asny, unikalny wk\u0142ad w rozw\u00f3j praktyki.&#8221; description_line_height=&#8221;30&#8243; description_color=&#8221;#2E5688&#8243; margin_top=&#8221;25&#8243; margin_bottom=&#8221;16&#8243;][ct_space space_lg=&#8221;0&#8243; space_md=&#8221;0&#8243; space_sm=&#8221;0&#8243; space_xs=&#8221;60&#8243;][\/vc_column][vc_column width=&#8221;5\/12&#8243; css=&#8221;.vc_custom_1544860883634{padding-top: 0px !important;padding-bottom: 0px !important;}&#8221;][vc_single_image image=&#8221;920&#8243; img_size=&#8221;full&#8221; alignment=&#8221;right&#8221; css_animation=&#8221;none&#8221; css=&#8221;.vc_custom_1767021900236{margin-bottom: 0px !important;}&#8221; ct_image_align_md=&#8221;image_align_sm_center&#8221; ct_image_align=&#8221;image_align_xs_center&#8221;][\/vc_column][\/vc_row][vc_row full_width=&#8221;stretch_row&#8221; ct_row_class=&#8221;bg-primary&#8221;][vc_column ct_column_class=&#8221;rm-padding-lg&#8221; css=&#8221;.vc_custom_1544861408963{padding-top: 32px !important;padding-right: 70px !important;padding-bottom: 94px !important;padding-left: 70px !important;}&#8221;][vc_row_inner][vc_column_inner width=&#8221;1\/6&#8243;][\/vc_column_inner][vc_column_inner width=&#8221;2\/3&#8243; ct_column_inner_class=&#8221;rm-padding-sm&#8221; css=&#8221;.vc_custom_1544861368133{padding-right: 0px !important;padding-left: 0px !important;}&#8221;][ct_heading text=&#8221;Warto\u015bci, kt\u00f3re jednocz\u0105 pokolenia&#8221; text_below_color=&#8221;rgba(255,255,255,0.06)&#8221; align_lg=&#8221;align-center&#8221; align_md=&#8221;align-center-md&#8221; align_sm=&#8221;align-center-sm&#8221; align_xs=&#8221;align-center-xs&#8221; font_weight=&#8221;&#8221; text_color=&#8221;#ffffff&#8221; description=&#8221;Klinika Zagalak opiera swoj\u0105 dzia\u0142alno\u015b\u0107 na fundamentalnych warto\u015bciach, kt\u00f3re pozostaj\u0105 niezmienne mimo up\u0142ywu lat:&#8221; description_color=&#8221;#ffffff&#8221;][\/vc_column_inner][vc_column_inner width=&#8221;1\/6&#8243;][\/vc_column_inner][\/vc_row_inner][vc_empty_space height=&#8221;2&#8243;][vc_row_inner equal_height=&#8221;yes&#8221;][vc_column_inner width=&#8221;1\/3&#8243; css=&#8221;.vc_custom_1766334709468{padding-top: 45px !important;}&#8221; offset=&#8221;vc_col-lg-4 vc_col-md-5&#8243;][ct_fancybox cms_template=&#8221;ct_fancybox&#8211;layout2.php&#8221; item_link=&#8221;url:%23|||&#8221; description_color=&#8221;#2E5688&#8243; icon_list=&#8221;flaticon&#8221; title=&#8221;Holistyczne podej\u015bcie&#8221; icon_flaticon=&#8221;flaticon-checked&#8221; description=&#8221;Leczymy nie tylko z\u0119by, ale ca\u0142ego cz\u0142owieka, rozumiej\u0105c, \u017ce zdrowie jamy ustnej jest integraln\u0105 cz\u0119\u015bci\u0105 og\u00f3lnego dobrostanu.&#8221;][\/ct_fancybox][\/vc_column_inner][vc_column_inner width=&#8221;1\/3&#8243; offset=&#8221;vc_col-lg-4 vc_col-md-4&#8243; css=&#8221;.vc_custom_1766334701580{padding-top: 45px !important;}&#8221;][ct_fancybox cms_template=&#8221;ct_fancybox&#8211;layout2.php&#8221; item_link=&#8221;url:%23|||&#8221; description_color=&#8221;#2E5688&#8243; icon_list=&#8221;flaticon&#8221; title=&#8221;Empatia i zrozumienie&#8221; icon_flaticon=&#8221;flaticon-checked&#8221; description=&#8221;Ka\u017cdy pacjent jest wyj\u0105tkowy i zas\u0142uguje na indywidualne podej\u015bcie, uwzgl\u0119dniaj\u0105ce nie tylko medyczne potrzeby, ale tak\u017ce emocje i obawy.&#8221;][\/ct_fancybox][\/vc_column_inner][vc_column_inner width=&#8221;1\/3&#8243; offset=&#8221;vc_col-lg-4 vc_col-md-4&#8243; css=&#8221;.vc_custom_1766334719716{padding-top: 45px !important;}&#8221;][ct_fancybox cms_template=&#8221;ct_fancybox&#8211;layout2.php&#8221; item_link=&#8221;url:%23|||&#8221; description_color=&#8221;#2E5688&#8243; icon_list=&#8221;flaticon&#8221; title=&#8221;Nieustanny rozw\u00f3j&#8221; icon_flaticon=&#8221;flaticon-checked&#8221; description=&#8221;Rodzina Zagalak nigdy nie spoczywa na laurach, nieustannie poszerzaj\u0105c swoj\u0105 wiedz\u0119 i umiej\u0119tno\u015bci, by oferowa\u0107 pacjentom najnowocze\u015bniejsze metody leczenia.&#8221;][\/ct_fancybox][\/vc_column_inner][\/vc_row_inner][vc_row_inner][vc_column_inner width=&#8221;1\/3&#8243; css=&#8221;.vc_custom_1766334709468{padding-top: 45px !important;}&#8221; offset=&#8221;vc_col-lg-4 vc_col-md-5&#8243;][ct_fancybox cms_template=&#8221;ct_fancybox&#8211;layout2.php&#8221; item_link=&#8221;url:%23|||&#8221; description_color=&#8221;#2E5688&#8243; icon_list=&#8221;flaticon&#8221; title=&#8221;Rodzinna atmosfera&#8221; icon_flaticon=&#8221;flaticon-checked&#8221; description=&#8221;Klinika to miejsce, gdzie pacjenci czuj\u0105 si\u0119 jak w domu, gdzie s\u0105 rozpoznawani po imieniu i gdzie ich historia jest znana i wa\u017cna.&#8221;][\/ct_fancybox][\/vc_column_inner][vc_column_inner width=&#8221;1\/3&#8243; offset=&#8221;vc_col-lg-4 vc_col-md-4&#8243; css=&#8221;.vc_custom_1766334701580{padding-top: 45px !important;}&#8221;][ct_fancybox cms_template=&#8221;ct_fancybox&#8211;layout2.php&#8221; item_link=&#8221;url:%23|||&#8221; description_color=&#8221;#2E5688&#8243; icon_list=&#8221;flaticon&#8221; title=&#8221;Przekazywanie wiedzy&#8221; icon_flaticon=&#8221;flaticon-checked&#8221; description=&#8221;Dzielenie si\u0119 do\u015bwiadczeniem, zar\u00f3wno w rodzinie, jak i ze spo\u0142eczno\u015bci\u0105 medyczn\u0105, to jeden z filar\u00f3w filozofii pracy w Klinice Zagalak.&#8221;][\/ct_fancybox][\/vc_column_inner][\/vc_row_inner][\/vc_column][\/vc_row][vc_row content_placement=&#8221;middle&#8221;][vc_column ct_column_class=&#8221;rm-padding-lg&#8221; css=&#8221;.vc_custom_1544860888100{padding-top: 0px !important;padding-right: 50px !important;padding-bottom: 0px !important;}&#8221;][ct_heading text=&#8221;Przysz\u0142o\u015b\u0107 pisana rodzinn\u0105 tradycj\u0105&#8221; text_below_color=&#8221;#000000&#8243; font_weight=&#8221;&#8221; text_color=&#8221;#2E5688&#8243; description=&#8221;Dzi\u015b, kiedy dwa pokolenia stomatolog\u00f3w pracuj\u0105 rami\u0119 w rami\u0119, Klinika Zagalak stoi u progu nowego rozdzia\u0142u swojej historii. To wyj\u0105tkowy moment, gdy do\u015bwiadczenie spotyka si\u0119 z innowacj\u0105, gdy sprawdzone metody \u0142\u0105cz\u0105 si\u0119 z nowymi technologiami, a wszystko to w atmosferze rodzinnego ciep\u0142a i profesjonalizmu.<\/p>\n<p>\u201cNajpi\u0119kniejsze w prowadzeniu rodzinnej praktyki jest \u015bwiadomo\u015b\u0107, \u017ce to, co budujemy, ma g\u0142\u0119bszy sens \u2013 nie ko\u0144czy si\u0119 na nas, ale b\u0119dzie kontynuowane przez kolejne pokolenia\u201d \u2013 podkre\u015bla dr n. med. Rafa\u0142 Zagalak. \u201cWidzie\u0107, jak nasza c\u00f3rka przejmuje pa\u0142eczk\u0119, wnosz\u0105c w\u0142asne warto\u015bci i wizj\u0119, jednocze\u015bnie szanuj\u0105c to, co stworzyli\u015bmy \u2013 to najwi\u0119ksza nagroda dla rodzica i lekarza.\u201d<\/p>\n<p>Klinika Zagalak to wi\u0119cej ni\u017c miejsce leczenia \u2013 to przestrze\u0144, gdzie rodzinna tradycja spotyka si\u0119 z nowoczesn\u0105 medycyn\u0105, gdzie ka\u017cdy u\u015bmiech ma znaczenie, a ka\u017cdy pacjent staje si\u0119 cz\u0119\u015bci\u0105 wyj\u0105tkowej, stomatologicznej rodziny.<\/p>\n<p>W \u015bwiecie, gdzie relacje mi\u0119dzyludzkie cz\u0119sto ust\u0119puj\u0105 miejsca technologii, Klinika Zagalak przypomina nam, \u017ce najpi\u0119kniejsze historie pisz\u0105 ludzie \u2013 rodziny, kt\u00f3re z pasj\u0105 i oddaniem s\u0142u\u017c\u0105 innym, przekazuj\u0105c swoje warto\u015bci z pokolenia na pokolenie.&#8221; description_line_height=&#8221;30&#8243; description_color=&#8221;#2E5688&#8243; margin_top=&#8221;25&#8243; margin_bottom=&#8221;16&#8243;][vc_empty_space height=&#8221;40&#8243;][\/vc_column][\/vc_row][vc_row full_width=&#8221;stretch_row&#8221; content_placement=&#8221;middle&#8221;][vc_column css=&#8221;.vc_custom_1766335050404{padding-top: 0px !important;}&#8221;][ct_image_pointers image=&#8221;861&#8243; list_pointer=&#8221;%5B%7B%22title%22%3A%22DR%20N.%20MED.%20MARIA%20LORENTOWICZ-ZAGALAK%22%2C%22link%22%3A%22url%3Ahttp%253A%252F%252Flocalhost%252Fctthemes%252Ftiman%252Fdoctor%252Ftromani-helix%252F%7C%7C%7C%22%2C%22content_position%22%3A%22pointer-top%22%2C%22pointer_position_top%22%3A%2240%25%22%2C%22pointer_position_right%22%3A%2238%25%22%7D%2C%7B%22title%22%3A%22DR%20N.%20MED.%20RAFA%C5%81%20ZAGALAK%22%2C%22link%22%3A%22url%3Ahttp%253A%252F%252Flocalhost%252Fctthemes%252Ftiman%252Fdoctor%252Fpower-alim%252F%7C%7C%7C%22%2C%22content_position%22%3A%22pointer-left%22%2C%22pointer_position_top%22%3A%2233%25%22%2C%22pointer_position_right%22%3A%2215%25%22%7D%2C%7B%22title%22%3A%22LEK.%20DENT.%20EWA%20ZAGALAK%22%2C%22link%22%3A%22url%3Ahttp%253A%252F%252Flocalhost%252Fctthemes%252Ftiman%252Fdoctor%252Flibona-juka%252F%7C%7C%7C%22%2C%22content_position%22%3A%22pointer-right%22%2C%22pointer_position_top%22%3A%2242%25%22%2C%22pointer_position_left%22%3A%2215%25%22%7D%5D&#8221;][\/vc_column][\/vc_row]<\/p>\n<\/div>","protected":false},"excerpt":{"rendered":"<p>[vc_row full_width=&#8221;stretch_row&#8221; content_placement=&#8221;middle&#8221; css=&#8221;.vc_custom_1766345667121{padding-top: 50px !important;background-color: #F1F8FF !important;}&#8221;][vc_column width=&#8221;7\/12&#8243; ct_column_class=&#8221;rm-padding-lg&#8221; css=&#8221;.vc_custom_1544860888100{padding-top: 0px !important;padding-right: 50px !important;padding-bottom: 0px !important;}&#8221;][ct_heading text=&#8221;Dwa pokolenia pasji i troski o Tw\u00f3j u\u015bmiech&#8221; font_weight=&#8221;&#8221; text_color=&#8221;#2E5688&#8243; subtitle=&#8221;Klinika Zagalak&#8221; description=&#8221;W sercu Bydgoszczy, w\u015br\u00f3d nowoczesnych budynk\u00f3w i miejskiego zgie\u0142ku, istnieje wyj\u0105tkowe miejsce, gdzie stomatologia jest czym\u015b wi\u0119cej ni\u017c zawodem \u2013 jest rodzinn\u0105 misj\u0105 przekazywan\u0105 z pokolenia [&hellip;]<\/p>\n","protected":false},"author":1,"featured_media":0,"parent":0,"menu_order":0,"comment_status":"closed","ping_status":"closed","template":"","meta":{"footnotes":""},"class_list":["post-894","page","type-page","status-publish","hentry"],"_links":{"self":[{"href":"https:\/\/zagalak.rezerwuj-zabieg.pl\/index.php?rest_route=\/wp\/v2\/pages\/894","targetHints":{"allow":["GET"]}}],"collection":[{"href":"https:\/\/zagalak.rezerwuj-zabieg.pl\/index.php?rest_route=\/wp\/v2\/pages"}],"about":[{"href":"https:\/\/zagalak.rezerwuj-zabieg.pl\/index.php?rest_route=\/wp\/v2\/types\/page"}],"author":[{"embeddable":true,"href":"https:\/\/zagalak.rezerwuj-zabieg.pl\/index.php?rest_route=\/wp\/v2\/users\/1"}],"replies":[{"embeddable":true,"href":"https:\/\/zagalak.rezerwuj-zabieg.pl\/index.php?rest_route=%2Fwp%2Fv2%2Fcomments&post=894"}],"version-history":[{"count":22,"href":"https:\/\/zagalak.rezerwuj-zabieg.pl\/index.php?rest_route=\/wp\/v2\/pages\/894\/revisions"}],"predecessor-version":[{"id":1288,"href":"https:\/\/zagalak.rezerwuj-zabieg.pl\/index.php?rest_route=\/wp\/v2\/pages\/894\/revisions\/1288"}],"wp:attachment":[{"href":"https:\/\/zagalak.rezerwuj-zabieg.pl\/index.php?rest_route=%2Fwp%2Fv2%2Fmedia&parent=894"}],"curies":[{"name":"wp","href":"https:\/\/api.w.org\/{rel}","templated":true}]}}