{"id":23,"date":"2018-12-11T08:01:27","date_gmt":"2018-12-11T08:01:27","guid":{"rendered":"https:\/\/demo.casethemes.net\/timan\/?page_id=23"},"modified":"2026-02-02T16:59:26","modified_gmt":"2026-02-02T15:59:26","slug":"home","status":"publish","type":"page","link":"https:\/\/zagalak.rezerwuj-zabieg.pl\/","title":{"rendered":"Home"},"content":{"rendered":"<div class=\"wpb-content-wrapper\"><p>[vc_row full_width=&#8221;stretch_row_content_no_spaces&#8221;][vc_column css=&#8221;.vc_custom_1545099108049{padding-top: 0px !important;}&#8221;][rev_slider_vc alias=&#8221;home1&#8243;][\/vc_column][\/vc_row][vc_row full_height=&#8221;yes&#8221; content_placement=&#8221;middle&#8221; css=&#8221;.vc_custom_1766953394136{margin-top: 50px !important;}&#8221;][vc_column width=&#8221;7\/12&#8243; ct_column_class=&#8221;rm-padding-lg&#8221; css=&#8221;.vc_custom_1766330635371{padding-top: 20px !important;padding-right: 50px !important;padding-bottom: -20px !important;}&#8221;][ct_heading text=&#8221;Kompleksowa  opieka  stomatologiczna&#8221; text_below_color=&#8221;#2E5688&#8243; font_weight=&#8221;&#8221; subtitle=&#8221;Leczenie&#8221; description=&#8221;W Klinice Zagalak \u0142\u0105czymy wiedz\u0119 z empati\u0105, dok\u0142adno\u015b\u0107 z komfortem, nieustanny rozw\u00f3j z dobrem Pacjenta. Od 30 lat budujemy relacje oparte na indywidualnym podej\u015bciu i zaufaniu, oferuj\u0105c pe\u0142ne zrozumienie potrzeb ka\u017cdego Pacjenta. Nasz zesp\u00f3\u0142 to lekarze o imponuj\u0105cym dorobku klinicznym, regularnie podnosz\u0105cy swoje kwalifikacje na mi\u0119dzynarodowych szkoleniach i kongresach. Wiedza i aparatura najwy\u017cszej klasy \u2013 mikroskopy zabiegowe, zaawansowany sprz\u0119t diagnostyczny i nowoczesne wyposa\u017cenie gabinet\u00f3w \u2013 gwarantuj\u0105 precyzj\u0119 ka\u017cdego zabiegu. Bezpiecze\u0144stwo Pacjenta jest naszym priorytetem dzi\u0119ki rygorystycznym procedurom i nowoczesnym systemom sterylizacji.&#8221; description_color=&#8221;#2E5688&#8243; margin_top=&#8221;25&#8243; margin_bottom=&#8221;25&#8243;][vc_empty_space height=&#8221;40&#8243;][ct_button button_text=&#8221;Czytaj wi\u0119cej&#8221; button_link=&#8221;url:https%3A%2F%2Fzagalak.rezerwuj-zabieg.pl%2F%3Fpage_id%3D15&#8243;][\/vc_column][vc_column width=&#8221;5\/12&#8243; css=&#8221;.vc_custom_1766953374996{padding-top: 50px !important;padding-bottom: 0px !important;}&#8221;][vc_single_image image=&#8221;1098&#8243; img_size=&#8221;full&#8221; alignment=&#8221;right&#8221; css_animation=&#8221;none&#8221; css=&#8221;.vc_custom_1766952813320{margin-bottom: 0px !important;}&#8221; ct_image_align_md=&#8221;image_align_sm_center&#8221; ct_image_align=&#8221;image_align_xs_center&#8221;][\/vc_column][\/vc_row][vc_row full_width=&#8221;stretch_row&#8221; full_height=&#8221;yes&#8221; content_placement=&#8221;middle&#8221; ct_row_class=&#8221;rm-padding-right&#8221; css=&#8221;.vc_custom_1766953405863{margin-bottom: -30px !important;}&#8221; el_class=&#8221;pierwszyblok&#8221;][vc_column width=&#8221;1\/2&#8243; offset=&#8221;vc_col-xs-12&#8243;][ct_heading text=&#8221;Cyfrowe planowanie u\u015bmiechu&#8221; font_weight=&#8221;&#8221; subtitle=&#8221;Smile Cloud&#8221; description=&#8221;Dzi\u0119ki systemowi Smile Cloud w Klinice Zagalak pacjent zyskuje pewno\u015b\u0107 i komfort: przed zabiegiem zobaczysz wizualizacj\u0119 efektu ko\u0144cowego, leczenie b\u0119dzie precyzyjnie zaplanowane i skoordynowane z laboratorium, a cyfrowe skany przyspieszaj\u0105 wykonanie koron i protez.<\/p>\n<p>Jest to narz\u0119dzie, kt\u00f3re prezentuje r\u00f3\u017cne mo\u017cliwe warianty leczenia, spo\u015br\u00f3d kt\u00f3rych pacjent wsp\u00f3lnie ze stomatologiem wybiera ten, kt\u00f3ry pozwala osi\u0105gn\u0105\u0107 najbardziej po\u017c\u0105dany efekt.&#8221; description_color=&#8221;#2E5688&#8243; margin_top=&#8221;25&#8243; margin_bottom=&#8221;25&#8243;][\/vc_column][vc_column width=&#8221;1\/2&#8243; css=&#8221;.vc_custom_1767970843582{margin-right: -20px !important;padding-top: 20px !important;padding-bottom: 50px !important;}&#8221;]<div id=\"\" class=\"video-player-for-wpbakery filmik\">\n    <div class=\"video-player-for-wpbakery-container\">\n        <video width=\"800\" height=\"415\" controls autoplay loop muted>\n            <source src=\"https:\/\/zagalak.rezerwuj-zabieg.pl\/wp-content\/uploads\/2025\/12\/STRONA-GLOWNA-Z-MOWIACA-TWARZA.mp4\" type=\"video\/mp4\">\n            Your browser does not support the video tag.        <\/video>\n    <\/div>\n<\/div>\n[\/vc_column][\/vc_row][vc_row full_width=&#8221;stretch_row_content_no_spaces&#8221; content_placement=&#8221;middle&#8221; css=&#8221;.vc_custom_1766926588694{margin-top: -70px !important;}&#8221; el_class=&#8221;niebieskibox-row&#8221;][vc_column width=&#8221;1\/3&#8243;][ct_fancybox cms_template=&#8221;ct_fancybox&#8211;layout3.php&#8221; item_link=&#8221;|||&#8221; icon_list=&#8221;flaticon&#8221; title=&#8221;SKONTAKTUJ SI\u0118<br \/>\n+48 52 582 47 50&#8243; icon_flaticon=&#8221;flaticon-call&#8221; title_font_size=&#8221;20&#8243; icon_font_size=&#8221;40&#8243; el_class=&#8221;niebieskibox&#8221;][\/ct_fancybox][\/vc_column][vc_column width=&#8221;1\/3&#8243;][ct_fancybox cms_template=&#8221;ct_fancybox&#8211;layout3.php&#8221; item_link=&#8221;|||&#8221; icon_list=&#8221;flaticon&#8221; title=&#8221;GODZINY OTWARCIA:<br \/>\nPon-Pt: 10.00 \u2013 18.00&#8243; icon_flaticon=&#8221;flaticon-clock&#8221; el_class=&#8221;el-secondary-color ; niebieskibox&#8221; title_font_size=&#8221;20&#8243; icon_font_size=&#8221;40&#8243;][\/ct_fancybox][\/vc_column][vc_column width=&#8221;1\/3&#8243;][ct_fancybox cms_template=&#8221;ct_fancybox&#8211;layout3.php&#8221; item_link=&#8221;|||&#8221; icon_list=&#8221;material_design&#8221; title=&#8221;ul. Juliana Fa\u0142ata 5,<br \/>\n85-309 Bydgoszcz&#8221; title_font_size=&#8221;20&#8243; icon_font_size=&#8221;40&#8243; el_class=&#8221;niebieskibox&#8221; icon_material_design=&#8221;zmdi zmdi-pin&#8221;][\/ct_fancybox][\/vc_column][\/vc_row][vc_row full_height=&#8221;yes&#8221; content_placement=&#8221;middle&#8221; css=&#8221;.vc_custom_1766952121046{margin-top: 50px !important;padding-top: 50px !important;padding-bottom: 120px !important;}&#8221;][vc_column width=&#8221;5\/12&#8243; css=&#8221;.vc_custom_1766330090834{padding-bottom: 0px !important;}&#8221;][vc_single_image image=&#8221;1277&#8243; img_size=&#8221;500&#215;700&#8243; alignment=&#8221;right&#8221; css_animation=&#8221;none&#8221; css=&#8221;.vc_custom_1767971105732{margin-bottom: 0px !important;}&#8221; ct_image_align_md=&#8221;image_align_sm_center&#8221; ct_image_align=&#8221;image_align_xs_center&#8221;][\/vc_column][vc_column width=&#8221;7\/12&#8243; ct_column_class=&#8221;rm-padding-lg&#8221; css=&#8221;.vc_custom_1766330635371{padding-top: 20px !important;padding-right: 50px !important;padding-bottom: -20px !important;}&#8221;][ct_heading text=&#8221;Historia mi\u0142o\u015bci do miasta&#8221; font_weight=&#8221;&#8221; subtitle=&#8221;Nasza Bydgoszcz&#8221; description=&#8221;Klinika Zagalak to nie tylko miejsce leczenia \u2013 to cz\u0119\u015b\u0107 bydgoskiej to\u017csamo\u015bci. Od wielu lat jeste\u015bmy nierozerwalnie zwi\u0105zani z naszym miastem, aktywnie uczestnicz\u0105c w jego rozwoju i promuj\u0105c najwy\u017csze standardy opieki stomatologicznej w regionie. Nasz zesp\u00f3\u0142 tworz\u0105 specjali\u015bci zwi\u0105zani z Bydgoszcz\u0105, kt\u00f3rzy swoj\u0105 wiedz\u0105 i umiej\u0119tno\u015bciami buduj\u0105 renom\u0119 lokalnej stomatologii. Zapewniamy naszym pacjentom poczucie bezpiecze\u0144stwa wynikaj\u0105ce z lokalnej dost\u0119pno\u015bci i ci\u0105g\u0142o\u015bci opieki \u2013 zawsze jeste\u015bmy blisko, gdy nas potrzebujesz.&#8221; description_color=&#8221;#2E5688&#8243; margin_top=&#8221;25&#8243; margin_bottom=&#8221;16&#8243;][vc_empty_space height=&#8221;40&#8243;][ct_button button_text=&#8221;Czytaj wi\u0119cej&#8221; button_link=&#8221;url:https%3A%2F%2Fzagalak.rezerwuj-zabieg.pl%2F%3Fpage_id%3D987&#8243;][\/vc_column][\/vc_row][vc_row full_height=&#8221;yes&#8221; content_placement=&#8221;middle&#8221; css=&#8221;.vc_custom_1766953838343{margin-top: -30px !important;padding-top: 50px !important;padding-bottom: 120px !important;}&#8221;][vc_column width=&#8221;5\/12&#8243; css=&#8221;.vc_custom_1766330090834{padding-bottom: 0px !important;}&#8221;][vc_single_image image=&#8221;1129&#8243; img_size=&#8221;full&#8221; alignment=&#8221;right&#8221; css_animation=&#8221;none&#8221; css=&#8221;.vc_custom_1766953760799{margin-bottom: 0px !important;}&#8221; ct_image_align_md=&#8221;image_align_sm_center&#8221; ct_image_align=&#8221;image_align_xs_center&#8221;][\/vc_column][vc_column width=&#8221;7\/12&#8243; ct_column_class=&#8221;rm-padding-lg&#8221; css=&#8221;.vc_custom_1766330635371{padding-top: 20px !important;padding-right: 50px !important;padding-bottom: -20px !important;}&#8221;][ct_heading text=&#8221;Zaufanie budowane przez lata&#8221; font_weight=&#8221;&#8221; subtitle=&#8221;Wielopokoleniowe do\u015bwiadczenie&#8221; description=&#8221;Jako firma rodzinna, przenosimy najlepsze warto\u015bci \u2013 szacunek, trosk\u0119 i zaanga\u017cowanie \u2013 na grunt relacji z naszymi Pacjentami. Wielopokoleniowe do\u015bwiadczenie pozwala nam rozumie\u0107 potrzeby ca\u0142ych rodzin, oferuj\u0105c kompleksow\u0105 opiek\u0119 dostosowan\u0105 do wieku i oczekiwa\u0144 ka\u017cdego pacjenta. Bezpiecze\u0144stwo emocjonalne jest dla nas r\u00f3wnie wa\u017cne jak fizyczne \u2013 dbamy, by ka\u017cda wizyta przebiega\u0142a w atmosferze spokoju i zaufania.&#8221; description_color=&#8221;#2E5688&#8243; margin_top=&#8221;25&#8243; margin_bottom=&#8221;16&#8243;][vc_empty_space height=&#8221;40&#8243;][ct_button button_text=&#8221;Czytaj wi\u0119cej&#8221; button_link=&#8221;url:https%3A%2F%2Fzagalak.rezerwuj-zabieg.pl%2F%3Fpage_id%3D894&#8243;][\/vc_column][\/vc_row][vc_row equal_height=&#8221;yes&#8221; content_placement=&#8221;middle&#8221; css=&#8221;.vc_custom_1766926798143{padding-bottom: 50px !important;}&#8221;][vc_column css_animation=&#8221;none&#8221; width=&#8221;1\/3&#8243; css=&#8221;.vc_custom_1767114199936{padding-top: 20px !important;}&#8221;][ct_fancybox cms_template=&#8221;ct_fancybox&#8211;layout2.php&#8221; item_link=&#8221;url:%23|||&#8221; title_color=&#8221;#2E5688&#8243; icon_type=&#8221;image&#8221; title=&#8221;Zaufanie&#8221; description=&#8221;Budujemy relacje na szczero\u015bci i wzajemnym szacunku, tworz\u0105c przestrze\u0144, gdzie Twoje obawy s\u0105 wys\u0142uchane, a decyzje wsp\u00f3lnie podejmowane.&#8221;][\/ct_fancybox][\/vc_column][vc_column css_animation=&#8221;none&#8221; width=&#8221;1\/3&#8243; css=&#8221;.vc_custom_1767114203951{padding-top: 20px !important;}&#8221;][ct_fancybox cms_template=&#8221;ct_fancybox&#8211;layout2.php&#8221; item_link=&#8221;url:%23|||&#8221; title_color=&#8221;#2E5688&#8243; icon_type=&#8221;image&#8221; title=&#8221;Bezpiecze\u0144stwo&#8221; description=&#8221;Twoje zdrowie chronimy poprzez najwy\u017csze standardy higieny, zaawansowane protoko\u0142y sterylizacji i kompleksow\u0105 diagnostyk\u0119.&#8221;][\/ct_fancybox][\/vc_column][vc_column css_animation=&#8221;none&#8221; width=&#8221;1\/3&#8243; css=&#8221;.vc_custom_1767114207887{padding-top: 20px !important;}&#8221;][ct_fancybox cms_template=&#8221;ct_fancybox&#8211;layout2.php&#8221; item_link=&#8221;url:%23|||&#8221; title_color=&#8221;#2E5688&#8243; icon_type=&#8221;image&#8221; title=&#8221;Do\u015bwiadczenie&#8221; description=&#8221;30 lat praktyki klinicznej to tysi\u0105ce u\u015bmiech\u00f3w przywr\u00f3conych dzi\u0119ki wiedzy i umiej\u0119tno\u015bciom, kt\u00f3re doskonalimy ka\u017cdego dnia.&#8221;][\/ct_fancybox][\/vc_column][\/vc_row][vc_row][vc_column css=&#8221;.vc_custom_1766347312566{padding-top: 26px !important;}&#8221;][vc_row_inner][vc_column_inner width=&#8221;1\/6&#8243;][\/vc_column_inner][vc_column_inner width=&#8221;2\/3&#8243; ct_column_inner_class=&#8221;rm-padding-sm&#8221; css=&#8221;.vc_custom_1766862640062{padding-right: 40px !important;padding-bottom: 20px !important;padding-left: 40px !important;}&#8221;][ct_heading text=&#8221;Oferta&#8221; align_lg=&#8221;align-center&#8221; align_md=&#8221;align-center-md&#8221; align_sm=&#8221;align-center-sm&#8221; align_xs=&#8221;align-center-xs&#8221; font_weight=&#8221;&#8221; description=&#8221;W Klinice Zagalak jako\u015b\u0107 nie jest celem \u2013 jest standardem. Ka\u017cdy etap leczenia, od pierwszej konsultacji po finaln\u0105 kontrol\u0119, realizujemy z najwy\u017csz\u0105 staranno\u015bci\u0105 i dba\u0142o\u015bci\u0105 o szczeg\u00f3\u0142y. Wykorzystujemy wy\u0142\u0105cznie sprawdzone materia\u0142y i technologie o potwierdzonej skuteczno\u015bci klinicznej. Bezpiecze\u0144stwo procedur medycznych weryfikujemy w oparciu o najnowsze badania naukowe i mi\u0119dzynarodowe standardy.&#8221; description_color=&#8221;#2E5688&#8243;][vc_empty_space][ct_button button_text=&#8221;Zobacz wi\u0119cej&#8221; button_link=&#8221;url:https%3A%2F%2Fzagalak.rezerwuj-zabieg.pl%2F%3Fpage_id%3D15|title:Leczenie&#8221; align_lg=&#8221;align-center&#8221; align_md=&#8221;align-center-md&#8221; align_sm=&#8221;align-center-sm&#8221; align_xs=&#8221;align-center-xs&#8221;][\/vc_column_inner][vc_column_inner width=&#8221;1\/6&#8243;][\/vc_column_inner][\/vc_row_inner][\/vc_column][\/vc_row][vc_row css=&#8221;.vc_custom_1766864032865{padding-bottom: 59px !important;}&#8221;][vc_column width=&#8221;1\/3&#8243; css=&#8221;.vc_custom_1544779375501{padding-top: 30px !important;}&#8221; offset=&#8221;vc_col-lg-2 vc_col-md-2&#8243;][ct_fancybox item_link=&#8221;url:https%3A%2F%2Fzagalak.rezerwuj-zabieg.pl%2F%3Fservice%3Dimplantologia|title:Implantologia&#8221; icon_type=&#8221;image&#8221; icon_image=&#8221;1171&#8243; title=&#8221;Implantologia&#8221; el_class=&#8221;box-shadow1&#8243; title_font_size=&#8221;20&#8243;][\/ct_fancybox][\/vc_column][vc_column width=&#8221;1\/3&#8243; css=&#8221;.vc_custom_1544779385379{padding-top: 30px !important;}&#8221; offset=&#8221;vc_col-lg-2 vc_col-md-2&#8243;][ct_fancybox item_link=&#8221;url:https%3A%2F%2Fzagalak.rezerwuj-zabieg.pl%2F%3Fservice%3Dprotetyka|title:Protetyka&#8221; icon_type=&#8221;image&#8221; icon_image=&#8221;1086&#8243; title=&#8221;Protetyka&#8221; el_class=&#8221;box-shadow2&#8243; title_font_size=&#8221;20&#8243; animation=&#8221;none&#8221;][\/ct_fancybox][\/vc_column][vc_column width=&#8221;1\/3&#8243; css=&#8221;.vc_custom_1544779395468{padding-top: 30px !important;}&#8221; offset=&#8221;vc_col-lg-2 vc_col-md-2&#8243;][ct_fancybox item_link=&#8221;url:https%3A%2F%2Fzagalak.rezerwuj-zabieg.pl%2F%3Fservice%3Dendodoncja|title:Endodoncja&#8221; icon_type=&#8221;image&#8221; icon_image=&#8221;1082&#8243; title=&#8221;Endodoncja&#8221; el_class=&#8221;box-shadow3&#8243; title_font_size=&#8221;20&#8243;][\/ct_fancybox][\/vc_column][vc_column width=&#8221;1\/3&#8243; css=&#8221;.vc_custom_1767626127817{padding-top: 30px !important;padding-right: 20px !important;padding-left: 20px !important;}&#8221; offset=&#8221;vc_col-lg-2 vc_col-md-2&#8243;][ct_fancybox item_link=&#8221;url:https%3A%2F%2Fzagalak.rezerwuj-zabieg.pl%2F%3Fservice%3Dstomatologia-estetyczna|title:Stomatologia%20estetyczna&#8221; icon_type=&#8221;image&#8221; icon_image=&#8221;1299&#8243; title=&#8221;Stomatologia estetyczna&#8221; el_class=&#8221;box-shadow4&#8243; title_font_size=&#8221;20&#8243;][\/ct_fancybox][\/vc_column][vc_column width=&#8221;1\/3&#8243; css=&#8221;.vc_custom_1767626150619{padding-top: 30px !important;}&#8221; offset=&#8221;vc_col-lg-2 vc_col-md-2&#8243;][ct_fancybox item_link=&#8221;url:https%3A%2F%2Fzagalak.rezerwuj-zabieg.pl%2F%3Fservice%3Dchirurgia-stomatologiczna|title:Chirurgia%20stomatologiczna&#8221; icon_type=&#8221;image&#8221; icon_image=&#8221;1263&#8243; title=&#8221;Chirurgia stomatologiczna&#8221; el_class=&#8221;box-shadow5&#8243; title_font_size=&#8221;18&#8243;][\/ct_fancybox][\/vc_column][vc_column width=&#8221;1\/3&#8243; css=&#8221;.vc_custom_1544779421687{padding-top: 30px !important;}&#8221; offset=&#8221;vc_col-lg-2 vc_col-md-2&#8243;][ct_fancybox item_link=&#8221;url:https%3A%2F%2Fzagalak.rezerwuj-zabieg.pl%2F%3Fservice%3Dstomatologia-zachowawcza|title:Stomatologia%20zachowawcza&#8221; icon_type=&#8221;image&#8221; icon_image=&#8221;1089&#8243; title=&#8221;Stomatologia zachowawcza&#8221; el_class=&#8221;box-shadow6&#8243; title_font_size=&#8221;19&#8243;][\/ct_fancybox][\/vc_column][\/vc_row][vc_row full_width=&#8221;stretch_row&#8221; css=&#8221;.vc_custom_1766332733057{padding-top: 56px !important;padding-bottom: 120px !important;background-color: #F8FBFF !important;}&#8221;][vc_column width=&#8221;1\/2&#8243; ct_column_class=&#8221;rm-padding-md&#8221; css=&#8221;.vc_custom_1545195625522{padding-top: 64px !important;padding-left: 35px !important;}&#8221;][vc_single_image image=&#8221;1118&#8243; img_size=&#8221;full&#8221; alignment=&#8221;center&#8221; css=&#8221;.vc_custom_1766953786557{margin-bottom: 46px !important;}&#8221;][ct_heading text=&#8221;Klinika Zagalak&#8221; font_size=&#8221;50&#8243; font_size_md=&#8221;50&#8243; font_size_sm=&#8221;36&#8243; font_size_xs=&#8221;32&#8243; font_weight=&#8221;&#8221; description=&#8221;Zapraszamy do kontaktu z Klinik\u0105 Zagalak, gdzie troska o zdrowie i komfort naszych pacjent\u00f3w s\u0105 dla nas priorytetem. Nasz zesp\u00f3\u0142 wykwalifikowanych specjalist\u00f3w z przyjemno\u015bci\u0105 odpowie na wszystkie pytania i pomo\u017ce znale\u017a\u0107 najlepsze rozwi\u0105zania dostosowane do Twoich potrzeb. Jeste\u015bmy tu, aby wspiera\u0107 Ci\u0119 na ka\u017cdym etapie, dbaj\u0105c o Twoje zdrowie w przyjaznej atmosferze. Nie wahaj si\u0119 z nami skontaktowa\u0107 \u2013 czekamy na Ciebie!&#8221; description_color=&#8221;#2E5688&#8243; margin_top=&#8221;4&#8243; margin_bottom=&#8221;20&#8243;][\/vc_column][vc_column width=&#8221;1\/2&#8243; ct_column_class=&#8221;rm-padding-md&#8221; css=&#8221;.vc_custom_1545195619725{padding-top: 64px !important;padding-right: 35px !important;}&#8221;][ct_contact_form id=&#8221;518&#8243; form_style=&#8221;modern&#8221; sub_title=&#8221;Masz pytania? Chcesz si\u0119 zapisa\u0107 na wizyt\u0119?&#8221; title=&#8221;Skontaktuj si\u0119 z nami&#8221;][\/vc_column][\/vc_row][vc_row][vc_column css=&#8221;.vc_custom_1545105613283{padding-top: 26px !important;padding-bottom: 105px !important;}&#8221;][vc_row_inner][vc_column_inner width=&#8221;1\/6&#8243; offset=&#8221;vc_hidden-xs&#8221;][\/vc_column_inner][vc_column_inner width=&#8221;2\/3&#8243; ct_column_inner_class=&#8221;rm-padding-sm&#8221; css=&#8221;.vc_custom_1545105508068{padding-right: 40px !important;padding-bottom: 59px !important;padding-left: 40px !important;}&#8221;][ct_heading text=&#8221;Galeria Zdj\u0119\u0107&#8221; align_lg=&#8221;align-center&#8221; align_md=&#8221;align-center-md&#8221; align_sm=&#8221;align-center-sm&#8221; align_xs=&#8221;align-center-xs&#8221; font_weight=&#8221;&#8221;][\/vc_column_inner][vc_column_inner width=&#8221;1\/6&#8243; offset=&#8221;vc_hidden-xs&#8221;][\/vc_column_inner][\/vc_row_inner][ct_gallery_grid limit=&#8221;7&#8243; img_size=&#8221;482&#215;600,686&#215;500,686&#215;500,389&#215;600,686&#215;500,583&#215;600,686&#215;500&#8243; layout=&#8221;masonry&#8221; filter=&#8221;false&#8221; pagination_type=&#8221;false&#8221; col_xs=&#8221;1&#8243; col_sm=&#8221;2&#8243; col_md=&#8221;3&#8243; col_lg=&#8221;3&#8243; col_xl=&#8221;3&#8243;][\/vc_column][\/vc_row]<\/p>\n<\/div>","protected":false},"excerpt":{"rendered":"<p>[vc_row full_width=&#8221;stretch_row_content_no_spaces&#8221;][vc_column css=&#8221;.vc_custom_1545099108049{padding-top: 0px !important;}&#8221;][rev_slider_vc alias=&#8221;home1&#8243;][\/vc_column][\/vc_row][vc_row full_height=&#8221;yes&#8221; content_placement=&#8221;middle&#8221; css=&#8221;.vc_custom_1766953394136{margin-top: 50px !important;}&#8221;][vc_column width=&#8221;7\/12&#8243; ct_column_class=&#8221;rm-padding-lg&#8221; css=&#8221;.vc_custom_1766330635371{padding-top: 20px !important;padding-right: 50px !important;padding-bottom: -20px !important;}&#8221;][ct_heading text=&#8221;Kompleksowa opieka stomatologiczna&#8221; text_below_color=&#8221;#2E5688&#8243; font_weight=&#8221;&#8221; subtitle=&#8221;Leczenie&#8221; description=&#8221;W Klinice Zagalak \u0142\u0105czymy wiedz\u0119 z empati\u0105, dok\u0142adno\u015b\u0107 z komfortem, nieustanny rozw\u00f3j z dobrem Pacjenta. Od 30 lat budujemy relacje oparte na indywidualnym podej\u015bciu i zaufaniu, oferuj\u0105c pe\u0142ne zrozumienie [&hellip;]<\/p>\n","protected":false},"author":1,"featured_media":0,"parent":0,"menu_order":0,"comment_status":"closed","ping_status":"closed","template":"","meta":{"footnotes":""},"class_list":["post-23","page","type-page","status-publish","hentry"],"_links":{"self":[{"href":"https:\/\/zagalak.rezerwuj-zabieg.pl\/index.php?rest_route=\/wp\/v2\/pages\/23","targetHints":{"allow":["GET"]}}],"collection":[{"href":"https:\/\/zagalak.rezerwuj-zabieg.pl\/index.php?rest_route=\/wp\/v2\/pages"}],"about":[{"href":"https:\/\/zagalak.rezerwuj-zabieg.pl\/index.php?rest_route=\/wp\/v2\/types\/page"}],"author":[{"embeddable":true,"href":"https:\/\/zagalak.rezerwuj-zabieg.pl\/index.php?rest_route=\/wp\/v2\/users\/1"}],"replies":[{"embeddable":true,"href":"https:\/\/zagalak.rezerwuj-zabieg.pl\/index.php?rest_route=%2Fwp%2Fv2%2Fcomments&post=23"}],"version-history":[{"count":95,"href":"https:\/\/zagalak.rezerwuj-zabieg.pl\/index.php?rest_route=\/wp\/v2\/pages\/23\/revisions"}],"predecessor-version":[{"id":1301,"href":"https:\/\/zagalak.rezerwuj-zabieg.pl\/index.php?rest_route=\/wp\/v2\/pages\/23\/revisions\/1301"}],"wp:attachment":[{"href":"https:\/\/zagalak.rezerwuj-zabieg.pl\/index.php?rest_route=%2Fwp%2Fv2%2Fmedia&parent=23"}],"curies":[{"name":"wp","href":"https:\/\/api.w.org\/{rel}","templated":true}]}}