{"id":1039,"date":"2025-12-27T20:49:44","date_gmt":"2025-12-27T19:49:44","guid":{"rendered":"https:\/\/zagalak.rezerwuj-zabieg.pl\/?page_id=1039"},"modified":"2026-01-05T15:01:55","modified_gmt":"2026-01-05T14:01:55","slug":"biznes","status":"publish","type":"page","link":"https:\/\/zagalak.rezerwuj-zabieg.pl\/?page_id=1039","title":{"rendered":"Biznes"},"content":{"rendered":"<div class=\"wpb-content-wrapper\"><p>[vc_row full_width=&#8221;stretch_row&#8221; content_placement=&#8221;middle&#8221; css=&#8221;.vc_custom_1766345667121{padding-top: 50px !important;background-color: #F1F8FF !important;}&#8221;][vc_column width=&#8221;7\/12&#8243; ct_column_class=&#8221;rm-padding-lg&#8221; css=&#8221;.vc_custom_1767621682041{padding-top: 20px !important;padding-right: 50px !important;padding-bottom: 20px !important;}&#8221;][ct_heading text=&#8221;Wsp\u00f3\u0142praca oparta na ekspertyzie i do\u015bwiadczeniu&#8221; font_weight=&#8221;&#8221; text_color=&#8221;#2E5688&#8243; subtitle=&#8221;Dla firm &#8211; partnerstwo w innowacjach stomatologicznych&#8221; description=&#8221;Klinika Zagalak, z 30-letnim do\u015bwiadczeniem klinicznym, oferuje producentom sprz\u0119tu i materia\u0142\u00f3w stomatologicznych unikaln\u0105 mo\u017cliwo\u015b\u0107 partnerstwa opartego na wiedzy praktycznej. Jako nowoczesna plac\u00f3wka stomatologiczna, jeste\u015bmy otwarci na wdra\u017canie i testowanie innowacyjnych rozwi\u0105za\u0144, kt\u00f3re podnosz\u0105 standard leczenia i komfort pacjent\u00f3w.&#8221; description_line_height=&#8221;30&#8243; description_color=&#8221;#2E5688&#8243; margin_top=&#8221;25&#8243; margin_bottom=&#8221;16&#8243;][\/vc_column][vc_column width=&#8221;5\/12&#8243; css=&#8221;.vc_custom_1544860883634{padding-top: 0px !important;padding-bottom: 0px !important;}&#8221;][vc_single_image image=&#8221;1100&#8243; img_size=&#8221;full&#8221; alignment=&#8221;right&#8221; css_animation=&#8221;none&#8221; css=&#8221;.vc_custom_1767022043875{margin-bottom: 0px !important;}&#8221; ct_image_align_md=&#8221;image_align_sm_center&#8221; ct_image_align=&#8221;image_align_xs_center&#8221;][\/vc_column][\/vc_row][vc_row full_width=&#8221;stretch_row&#8221; content_placement=&#8221;middle&#8221; css=&#8221;.vc_custom_1766346012695{padding-top: 30px !important;padding-bottom: 30px !important;background-color: #FFFFFF !important;}&#8221;][vc_column width=&#8221;5\/12&#8243; css=&#8221;.vc_custom_1544860883634{padding-top: 0px !important;padding-bottom: 0px !important;}&#8221;][vc_single_image image=&#8221;1098&#8243; img_size=&#8221;full&#8221; alignment=&#8221;right&#8221; css_animation=&#8221;none&#8221; css=&#8221;.vc_custom_1767022063468{margin-bottom: 0px !important;}&#8221; ct_image_align_md=&#8221;image_align_sm_center&#8221; ct_image_align=&#8221;image_align_xs_center&#8221;][\/vc_column][vc_column width=&#8221;7\/12&#8243; ct_column_class=&#8221;rm-padding-lg&#8221; css=&#8221;.vc_custom_1544860888100{padding-top: 0px !important;padding-right: 50px !important;padding-bottom: 0px !important;}&#8221;][ct_heading text=&#8221;Kompleksowe mo\u017cliwo\u015bci wsp\u00f3\u0142pracy&#8221; font_weight=&#8221;&#8221; text_color=&#8221;#2E5688&#8243; description_line_height=&#8221;30&#8243; description_color=&#8221;#000000&#8243; margin_top=&#8221;25&#8243; margin_bottom=&#8221;16&#8243;][vc_column_text css=&#8221;&#8221;]<strong style=\"color: #2E5688;\">Nasza oferta dla partner\u00f3w bran\u017cowych obejmuje:<\/strong><\/p>\n<ul style=\"color: #2E5688;\">\n<li>Profesjonalne konsultacje produktowe<\/li>\n<li>Rzetelne ekspertyzy kliniczne<\/li>\n<li>Merytoryczne opinie o testowanych materia\u0142ach i sprz\u0119cie<\/li>\n<li>Rekomendacje podczas szkole\u0144 i konferencji bran\u017cowych<\/li>\n<li>Ambasadorstwo produkt\u00f3w spe\u0142niaj\u0105cych najwy\u017csze standardy jako\u015bci<\/li>\n<li>Udzia\u0142 w programach pilota\u017cowych nowych rozwi\u0105za\u0144<\/li>\n<\/ul>\n<p>[\/vc_column_text][\/vc_column][\/vc_row][vc_row full_width=&#8221;stretch_row&#8221; css=&#8221;.vc_custom_1766332733057{padding-top: 56px !important;padding-bottom: 120px !important;background-color: #F8FBFF !important;}&#8221;][vc_column width=&#8221;1\/2&#8243; ct_column_class=&#8221;rm-padding-md&#8221; css=&#8221;.vc_custom_1545195619725{padding-top: 64px !important;padding-right: 35px !important;}&#8221;][ct_contact_form id=&#8221;518&#8243; form_style=&#8221;modern&#8221; sub_title=&#8221;Masz pytania? Chcesz si\u0119 zapisa\u0107 na wizyt\u0119?&#8221; title=&#8221;Skontaktuj si\u0119 z nami&#8221;][\/vc_column][vc_column width=&#8221;1\/2&#8243; ct_column_class=&#8221;rm-padding-md&#8221; css=&#8221;.vc_custom_1545195625522{padding-top: 64px !important;padding-left: 35px !important;}&#8221;][vc_single_image image=&#8221;861&#8243; img_size=&#8221;full&#8221; alignment=&#8221;center&#8221; css=&#8221;.vc_custom_1766332765737{margin-bottom: 46px !important;}&#8221;][ct_heading text=&#8221;Klinika Zagalak&#8221; font_size=&#8221;50&#8243; font_size_md=&#8221;50&#8243; font_size_sm=&#8221;36&#8243; font_size_xs=&#8221;32&#8243; font_weight=&#8221;&#8221; description=&#8221;W Klinice Zagalak jako\u015b\u0107 nie jest celem \u2013 jest standardem. Ka\u017cdy etap leczenia, od pierwszej konsultacji po finaln\u0105 kontrol\u0119, realizujemy z najwy\u017csz\u0105 staranno\u015bci\u0105 i dba\u0142o\u015bci\u0105 o szczeg\u00f3\u0142y. Wykorzystujemy wy\u0142\u0105cznie sprawdzone materia\u0142y i technologie o potwierdzonej skuteczno\u015bci klinicznej. Bezpiecze\u0144stwo procedur medycznych weryfikujemy w oparciu o najnowsze badania naukowe i mi\u0119dzynarodowe standardy.&#8221; description_color=&#8221;#2E5688&#8243; margin_top=&#8221;4&#8243; margin_bottom=&#8221;20&#8243;][\/vc_column][\/vc_row]<\/p>\n<\/div>","protected":false},"excerpt":{"rendered":"<p>[vc_row full_width=&#8221;stretch_row&#8221; content_placement=&#8221;middle&#8221; css=&#8221;.vc_custom_1766345667121{padding-top: 50px !important;background-color: #F1F8FF !important;}&#8221;][vc_column width=&#8221;7\/12&#8243; ct_column_class=&#8221;rm-padding-lg&#8221; css=&#8221;.vc_custom_1767621682041{padding-top: 20px !important;padding-right: 50px !important;padding-bottom: 20px !important;}&#8221;][ct_heading text=&#8221;Wsp\u00f3\u0142praca oparta na ekspertyzie i do\u015bwiadczeniu&#8221; font_weight=&#8221;&#8221; text_color=&#8221;#2E5688&#8243; subtitle=&#8221;Dla firm &#8211; partnerstwo w innowacjach stomatologicznych&#8221; description=&#8221;Klinika Zagalak, z 30-letnim do\u015bwiadczeniem klinicznym, oferuje producentom sprz\u0119tu i materia\u0142\u00f3w stomatologicznych unikaln\u0105 mo\u017cliwo\u015b\u0107 partnerstwa opartego na wiedzy praktycznej. Jako nowoczesna plac\u00f3wka stomatologiczna, [&hellip;]<\/p>\n","protected":false},"author":1,"featured_media":0,"parent":0,"menu_order":0,"comment_status":"closed","ping_status":"closed","template":"","meta":{"footnotes":""},"class_list":["post-1039","page","type-page","status-publish","hentry"],"_links":{"self":[{"href":"https:\/\/zagalak.rezerwuj-zabieg.pl\/index.php?rest_route=\/wp\/v2\/pages\/1039","targetHints":{"allow":["GET"]}}],"collection":[{"href":"https:\/\/zagalak.rezerwuj-zabieg.pl\/index.php?rest_route=\/wp\/v2\/pages"}],"about":[{"href":"https:\/\/zagalak.rezerwuj-zabieg.pl\/index.php?rest_route=\/wp\/v2\/types\/page"}],"author":[{"embeddable":true,"href":"https:\/\/zagalak.rezerwuj-zabieg.pl\/index.php?rest_route=\/wp\/v2\/users\/1"}],"replies":[{"embeddable":true,"href":"https:\/\/zagalak.rezerwuj-zabieg.pl\/index.php?rest_route=%2Fwp%2Fv2%2Fcomments&post=1039"}],"version-history":[{"count":5,"href":"https:\/\/zagalak.rezerwuj-zabieg.pl\/index.php?rest_route=\/wp\/v2\/pages\/1039\/revisions"}],"predecessor-version":[{"id":1245,"href":"https:\/\/zagalak.rezerwuj-zabieg.pl\/index.php?rest_route=\/wp\/v2\/pages\/1039\/revisions\/1245"}],"wp:attachment":[{"href":"https:\/\/zagalak.rezerwuj-zabieg.pl\/index.php?rest_route=%2Fwp%2Fv2%2Fmedia&parent=1039"}],"curies":[{"name":"wp","href":"https:\/\/api.w.org\/{rel}","templated":true}]}}